{"id":5341,"date":"2020-10-31T09:55:10","date_gmt":"2020-10-31T09:55:10","guid":{"rendered":"https:\/\/shop.tutu.lt\/my-account\/"},"modified":"2021-09-09T21:16:09","modified_gmt":"2021-09-09T21:16:09","slug":"my-account","status":"publish","type":"page","link":"https:\/\/shop.tutu.lt\/en\/my-account\/","title":{"rendered":"My Account"},"content":{"rendered":"<div class=\"woocommerce\"><div class=\"woocommerce-notices-wrapper\"><\/div>\n\n<div class=\"u-columns col2-set\" id=\"customer_login\">\n\n\t<div class=\"u-column1 col-1\">\n\n\n\t\t<h2>Login<\/h2>\n\n\t\t<form class=\"woocommerce-form woocommerce-form-login login\" method=\"post\">\n\n\t\t\t\n\t\t\t<p class=\"woocommerce-form-row woocommerce-form-row--wide form-row form-row-wide\">\n\t\t\t\t<label for=\"username\">Username or email address&nbsp;<span class=\"required\">*<\/span><\/label>\n\t\t\t\t<input type=\"text\" class=\"woocommerce-Input woocommerce-Input--text input-text\" name=\"username\" id=\"username\" autocomplete=\"username\" value=\"\" \/>\t\t\t<\/p>\n\t\t\t<p class=\"woocommerce-form-row woocommerce-form-row--wide form-row form-row-wide\">\n\t\t\t\t<label for=\"password\">Password&nbsp;<span class=\"required\">*<\/span><\/label>\n\t\t\t\t<input class=\"woocommerce-Input woocommerce-Input--text input-text\" type=\"password\" name=\"password\" id=\"password\" autocomplete=\"current-password\" \/>\n\t\t\t<\/p>\n\n\t\t\t\n\t\t\t<p class=\"form-row\">\n\t\t\t\t<label class=\"woocommerce-form__label woocommerce-form__label-for-checkbox woocommerce-form-login__rememberme\">\n\t\t\t\t\t<input class=\"woocommerce-form__input woocommerce-form__input-checkbox\" name=\"rememberme\" type=\"checkbox\" id=\"rememberme\" value=\"forever\" \/> <span>Remember me<\/span>\n\t\t\t\t<\/label>\n\t\t\t\t<input type=\"hidden\" id=\"woocommerce-login-nonce\" name=\"woocommerce-login-nonce\" value=\"0ee0d90ff6\" \/><input type=\"hidden\" name=\"_wp_http_referer\" value=\"\/en\/wp-json\/wp\/v2\/pages\/5341\" \/>\t\t\t\t<button type=\"submit\" class=\"woocommerce-button button woocommerce-form-login__submit\" name=\"login\" value=\"Log in\">Log in<\/button>\n\t\t\t<\/p>\n\t\t\t<p class=\"woocommerce-LostPassword lost_password\">\n\t\t\t\t<a href=\"https:\/\/shop.tutu.lt\/en\/my-account\/lost-password\/\">Lost your password?<\/a>\n\t\t\t<\/p>\n\n\t\t\t\n\t\t<\/form>\n\n\n\t<\/div>\n\n\t<div class=\"u-column2 col-2\">\n\n\t\t<h2>Register<\/h2>\n\n\t\t<form method=\"post\" class=\"woocommerce-form woocommerce-form-register register\"  >\n\n\t\t\t\n\t\t\t\n\t\t\t<p class=\"woocommerce-form-row woocommerce-form-row--wide form-row form-row-wide\">\n\t\t\t\t<label for=\"reg_email\">Email address&nbsp;<span class=\"required\">*<\/span><\/label>\n\t\t\t\t<input type=\"email\" class=\"woocommerce-Input woocommerce-Input--text input-text\" name=\"email\" id=\"reg_email\" autocomplete=\"email\" value=\"\" \/>\t\t\t<\/p>\n\n\t\t\t\n\t\t\t\t<p>A password will be sent to your email address.<\/p>\n\n\t\t\t\n\t\t\t<wc-order-attribution-inputs><\/wc-order-attribution-inputs><div class=\"woocommerce-privacy-policy-text\"><p>J\u016bs\u0173 asmeniniai duomenys bus naudojami patogesniam nar\u0161ymui \u0161iame tinklalapyje, paskyros valdymui bei kitoms reikm\u0117ms, kurios apra\u0161ytos m\u016bs\u0173 <a href=\"https:\/\/shop.tutu.lt\/privatumo-politika\/\" class=\"woocommerce-privacy-policy-link\" target=\"_blank\">privacy policy<\/a>.<\/p>\n<\/div>\n\t\t\t<p class=\"woocommerce-form-row form-row\">\n\t\t\t\t<input type=\"hidden\" id=\"woocommerce-register-nonce\" name=\"woocommerce-register-nonce\" value=\"0e0f4734c0\" \/><input type=\"hidden\" name=\"_wp_http_referer\" value=\"\/en\/wp-json\/wp\/v2\/pages\/5341\" \/>\t\t\t\t<button type=\"submit\" class=\"woocommerce-Button woocommerce-button button woocommerce-form-register__submit\" name=\"register\" value=\"Register\">Register<\/button>\n\t\t\t<\/p>\n\n\t\t\t\n\t\t<\/form>\n\n\t<\/div>\n\n<\/div>\n\n<\/div>\n","protected":false},"excerpt":{"rendered":"Login Username or email address&nbsp;* Password&nbsp;* Remember me Log in Lost your password? Register Email&hellip;","protected":false},"author":1,"featured_media":0,"parent":0,"menu_order":0,"comment_status":"closed","ping_status":"closed","template":"","meta":{"footnotes":""},"class_list":["post-5341","page","type-page","status-publish","hentry"],"yoast_head":"<!-- This site is optimized with the Yoast SEO plugin v27.6 - https:\/\/yoast.com\/product\/yoast-seo-wordpress\/ -->\n<title>My Account - Stylish TUTUspot lollipops | Eshop<\/title>\n<meta name=\"robots\" content=\"index, follow, max-snippet:-1, max-image-preview:large, max-video-preview:-1\" \/>\n<link rel=\"canonical\" href=\"https:\/\/shop.tutu.lt\/en\/my-account\/\" \/>\n<meta property=\"og:locale\" content=\"en_US\" \/>\n<meta property=\"og:type\" content=\"article\" \/>\n<meta property=\"og:title\" content=\"My Account - Stylish TUTUspot lollipops | Eshop\" \/>\n<meta property=\"og:url\" content=\"https:\/\/shop.tutu.lt\/en\/my-account\/\" \/>\n<meta property=\"og:site_name\" content=\"Stylish TUTUspot lollipops | Eshop\" \/>\n<meta property=\"article:modified_time\" content=\"2021-09-09T21:16:09+00:00\" \/>\n<meta name=\"twitter:card\" content=\"summary_large_image\" \/>\n<script type=\"application\/ld+json\" class=\"yoast-schema-graph\">{\"@context\":\"https:\\\/\\\/schema.org\",\"@graph\":[{\"@type\":\"WebPage\",\"@id\":\"https:\\\/\\\/shop.tutu.lt\\\/en\\\/my-account\\\/\",\"url\":\"https:\\\/\\\/shop.tutu.lt\\\/en\\\/my-account\\\/\",\"name\":\"My Account - Stylish TUTUspot lollipops | Eshop\",\"isPartOf\":{\"@id\":\"https:\\\/\\\/shop.tutu.lt\\\/en\\\/#website\"},\"datePublished\":\"2020-10-31T09:55:10+00:00\",\"dateModified\":\"2021-09-09T21:16:09+00:00\",\"breadcrumb\":{\"@id\":\"https:\\\/\\\/shop.tutu.lt\\\/en\\\/my-account\\\/#breadcrumb\"},\"inLanguage\":\"en-US\",\"potentialAction\":[{\"@type\":\"ReadAction\",\"target\":[\"https:\\\/\\\/shop.tutu.lt\\\/en\\\/my-account\\\/\"]}]},{\"@type\":\"BreadcrumbList\",\"@id\":\"https:\\\/\\\/shop.tutu.lt\\\/en\\\/my-account\\\/#breadcrumb\",\"itemListElement\":[{\"@type\":\"ListItem\",\"position\":1,\"name\":\"Home\",\"item\":\"https:\\\/\\\/shop.tutu.lt\\\/en\\\/\"},{\"@type\":\"ListItem\",\"position\":2,\"name\":\"My Account\"}]},{\"@type\":\"WebSite\",\"@id\":\"https:\\\/\\\/shop.tutu.lt\\\/en\\\/#website\",\"url\":\"https:\\\/\\\/shop.tutu.lt\\\/en\\\/\",\"name\":\"Stylish TUTUspot lollipops | Eshop\",\"description\":\"Natural Lollipops online shop\",\"publisher\":{\"@id\":\"https:\\\/\\\/shop.tutu.lt\\\/en\\\/#organization\"},\"potentialAction\":[{\"@type\":\"SearchAction\",\"target\":{\"@type\":\"EntryPoint\",\"urlTemplate\":\"https:\\\/\\\/shop.tutu.lt\\\/en\\\/?s={search_term_string}\"},\"query-input\":{\"@type\":\"PropertyValueSpecification\",\"valueRequired\":true,\"valueName\":\"search_term_string\"}}],\"inLanguage\":\"en-US\"},{\"@type\":\"Organization\",\"@id\":\"https:\\\/\\\/shop.tutu.lt\\\/en\\\/#organization\",\"name\":\"TUTU ni\u0161ini\u0173 saldaini\u0173-objekt\u0173 gamybos studija\",\"url\":\"https:\\\/\\\/shop.tutu.lt\\\/en\\\/\",\"logo\":{\"@type\":\"ImageObject\",\"inLanguage\":\"en-US\",\"@id\":\"https:\\\/\\\/shop.tutu.lt\\\/en\\\/#\\\/schema\\\/logo\\\/image\\\/\",\"url\":\"https:\\\/\\\/shop.tutu.lt\\\/wp-content\\\/uploads\\\/2020\\\/06\\\/TUTUspot-LOGO_d_100.png\",\"contentUrl\":\"https:\\\/\\\/shop.tutu.lt\\\/wp-content\\\/uploads\\\/2020\\\/06\\\/TUTUspot-LOGO_d_100.png\",\"width\":46,\"height\":100,\"caption\":\"TUTU ni\u0161ini\u0173 saldaini\u0173-objekt\u0173 gamybos studija\"},\"image\":{\"@id\":\"https:\\\/\\\/shop.tutu.lt\\\/en\\\/#\\\/schema\\\/logo\\\/image\\\/\"}}]}<\/script>\n<!-- \/ Yoast SEO plugin. -->","yoast_head_json":{"title":"My Account - Stylish TUTUspot lollipops | Eshop","robots":{"index":"index","follow":"follow","max-snippet":"max-snippet:-1","max-image-preview":"max-image-preview:large","max-video-preview":"max-video-preview:-1"},"canonical":"https:\/\/shop.tutu.lt\/en\/my-account\/","og_locale":"en_US","og_type":"article","og_title":"My Account - Stylish TUTUspot lollipops | Eshop","og_url":"https:\/\/shop.tutu.lt\/en\/my-account\/","og_site_name":"Stylish TUTUspot lollipops | Eshop","article_modified_time":"2021-09-09T21:16:09+00:00","twitter_card":"summary_large_image","schema":{"@context":"https:\/\/schema.org","@graph":[{"@type":"WebPage","@id":"https:\/\/shop.tutu.lt\/en\/my-account\/","url":"https:\/\/shop.tutu.lt\/en\/my-account\/","name":"My Account - Stylish TUTUspot lollipops | Eshop","isPartOf":{"@id":"https:\/\/shop.tutu.lt\/en\/#website"},"datePublished":"2020-10-31T09:55:10+00:00","dateModified":"2021-09-09T21:16:09+00:00","breadcrumb":{"@id":"https:\/\/shop.tutu.lt\/en\/my-account\/#breadcrumb"},"inLanguage":"en-US","potentialAction":[{"@type":"ReadAction","target":["https:\/\/shop.tutu.lt\/en\/my-account\/"]}]},{"@type":"BreadcrumbList","@id":"https:\/\/shop.tutu.lt\/en\/my-account\/#breadcrumb","itemListElement":[{"@type":"ListItem","position":1,"name":"Home","item":"https:\/\/shop.tutu.lt\/en\/"},{"@type":"ListItem","position":2,"name":"My Account"}]},{"@type":"WebSite","@id":"https:\/\/shop.tutu.lt\/en\/#website","url":"https:\/\/shop.tutu.lt\/en\/","name":"Stylish TUTUspot lollipops | Eshop","description":"Natural Lollipops online shop","publisher":{"@id":"https:\/\/shop.tutu.lt\/en\/#organization"},"potentialAction":[{"@type":"SearchAction","target":{"@type":"EntryPoint","urlTemplate":"https:\/\/shop.tutu.lt\/en\/?s={search_term_string}"},"query-input":{"@type":"PropertyValueSpecification","valueRequired":true,"valueName":"search_term_string"}}],"inLanguage":"en-US"},{"@type":"Organization","@id":"https:\/\/shop.tutu.lt\/en\/#organization","name":"TUTU ni\u0161ini\u0173 saldaini\u0173-objekt\u0173 gamybos studija","url":"https:\/\/shop.tutu.lt\/en\/","logo":{"@type":"ImageObject","inLanguage":"en-US","@id":"https:\/\/shop.tutu.lt\/en\/#\/schema\/logo\/image\/","url":"https:\/\/shop.tutu.lt\/wp-content\/uploads\/2020\/06\/TUTUspot-LOGO_d_100.png","contentUrl":"https:\/\/shop.tutu.lt\/wp-content\/uploads\/2020\/06\/TUTUspot-LOGO_d_100.png","width":46,"height":100,"caption":"TUTU ni\u0161ini\u0173 saldaini\u0173-objekt\u0173 gamybos studija"},"image":{"@id":"https:\/\/shop.tutu.lt\/en\/#\/schema\/logo\/image\/"}}]}},"_links":{"self":[{"href":"https:\/\/shop.tutu.lt\/en\/wp-json\/wp\/v2\/pages\/5341","targetHints":{"allow":["GET"]}}],"collection":[{"href":"https:\/\/shop.tutu.lt\/en\/wp-json\/wp\/v2\/pages"}],"about":[{"href":"https:\/\/shop.tutu.lt\/en\/wp-json\/wp\/v2\/types\/page"}],"author":[{"embeddable":true,"href":"https:\/\/shop.tutu.lt\/en\/wp-json\/wp\/v2\/users\/1"}],"replies":[{"embeddable":true,"href":"https:\/\/shop.tutu.lt\/en\/wp-json\/wp\/v2\/comments?post=5341"}],"version-history":[{"count":1,"href":"https:\/\/shop.tutu.lt\/en\/wp-json\/wp\/v2\/pages\/5341\/revisions"}],"predecessor-version":[{"id":6300,"href":"https:\/\/shop.tutu.lt\/en\/wp-json\/wp\/v2\/pages\/5341\/revisions\/6300"}],"wp:attachment":[{"href":"https:\/\/shop.tutu.lt\/en\/wp-json\/wp\/v2\/media?parent=5341"}],"curies":[{"name":"wp","href":"https:\/\/api.w.org\/{rel}","templated":true}]}}