{"id":6348,"date":"2021-09-09T23:02:27","date_gmt":"2021-09-09T23:02:27","guid":{"rendered":"https:\/\/shop.tutu.lt\/stylish-tutuspot-lollipops-unique-gifts\/"},"modified":"2025-10-30T23:14:30","modified_gmt":"2025-10-30T23:14:30","slug":"stylish-tutuspot-lollipops-unique-gifts","status":"publish","type":"page","link":"https:\/\/shop.tutu.lt\/en\/","title":{"rendered":"Stylish TUTUspot lollipops unique gifts"},"content":{"rendered":"<p>[vc_row full_width=&#8221;stretch_row&#8221; full_height=&#8221;yes&#8221; equal_height=&#8221;yes&#8221; content_placement=&#8221;middle&#8221; parallax=&#8221;content-moving&#8221; parallax_image=&#8221;4986&#8243; parallax_speed_bg=&#8221;1&#8243;][vc_column][vc_custom_heading text=&#8221;STYLISH LOLLIPOPS&#8221; font_container=&#8221;tag:h2|font_size:60px|text_align:center|color:%23ffffff|line_height:1&#8243; google_fonts=&#8221;font_family:Anton%3Aregular|font_style:400%20regular%3A400%3Anormal&#8221; css=&#8221;.vc_custom_1601933266082{margin-top: 100px !important;margin-bottom: 50px !important;}&#8221;][vc_custom_heading text=&#8221;Natural<br \/>Made in Lithuania<br \/>Without GMO<br \/>Without allergen&#8221; font_container=&#8221;tag:p|font_size:24px|text_align:center|color:%23ffffff|line_height:1&#8243; google_fonts=&#8221;font_family:Anton%3Aregular|font_style:400%20regular%3A400%3Anormal&#8221; css=&#8221;.vc_custom_1609781531724{margin-top: 0px !important;margin-bottom: 50px !important;}&#8221;]<div class=\"btn-wrapper btn-align-center\">\n    <a class=\"btn btn-color-black btn-align-center btn-size-lg btn-style-outline btn-shape-square btn-brw-2\" href=\"\/produkto-kategorija\/klasikine-kolekcija-tutu-startuoliai\/\" title=\"\"><span>Man smalsu!<\/span><\/a><\/div>[\/vc_column][\/vc_row][vc_row full_width=&#8221;stretch_row&#8221; full_height=&#8221;yes&#8221; content_placement=&#8221;middle&#8221; parallax=&#8221;content-moving&#8221; parallax_image=&#8221;6727&#8243; parallax_speed_bg=&#8221;1.0&#8243; css=&#8221;.vc_custom_1761772633317{background-image: url(https:\/\/shop.tutu.lt\/wp-content\/uploads\/2025\/10\/tutu2a2-scaled.jpg?id=6727) !important;}&#8221;][vc_column][vc_custom_heading text=&#8221;SALDU IR BE CUKRAUS&#8221; font_container=&#8221;tag:div|font_size:55px|text_align:center|color:%23ffffff|line_height:60px&#8221; google_fonts=&#8221;font_family:Anton%3Aregular|font_style:400%20regular%3A400%3Anormal&#8221; css=&#8221;.vc_custom_1761862989668{margin-top: 20px !important;margin-bottom: 50px !important;}&#8221; link=&#8221;url:https%3A%2F%2Fshop.tutu.lt%2Fen%2Fproduct-category%2Fcollaboration-with-agne-kisonaite_%2F|&#8221;][vc_custom_heading text=&#8221;&#8221; font_container=&#8221;tag:h2|font_size:24x|text_align:center|color:%23ffffff|line_height:1&#8243; google_fonts=&#8221;font_family:Anton%3Aregular|font_style:400%20regular%3A400%3Anormal&#8221; css=&#8221;.vc_custom_1761773086150{margin-bottom: 50px !important;}&#8221; link=&#8221;url:https%3A%2F%2Fshop.tutu.lt%2Fen%2Fproduct-category%2Fsport-exercise-for-tongue%2F|&#8221;]<div class=\"btn-wrapper btn-align-center\">\n    <a class=\"btn btn-color-white btn-align-center btn-size-lg btn-style-outline btn-shape-square btn-brw-2\" href=\"https:\/\/shop.tutu.lt\/produkto-kategorija\/collaboration-with-agne-kisonaite\/\" title=\"\"><span>PARAGAUK<\/span><\/a><\/div>[\/vc_column][\/vc_row][vc_row full_width=&#8221;stretch_row&#8221; full_height=&#8221;yes&#8221; equal_height=&#8221;yes&#8221; content_placement=&#8221;middle&#8221; parallax=&#8221;content-moving&#8221; parallax_image=&#8221;4988&#8243; parallax_speed_bg=&#8221;1.0&#8243;][vc_column][vc_custom_heading text=&#8221;CLASSIC&#8221; font_container=&#8221;tag:div|font_size:60px|text_align:center|color:%234c3957|line_height:30px&#8221; google_fonts=&#8221;font_family:Anton%3Aregular|font_style:400%20regular%3A400%3Anormal&#8221; css=&#8221;.vc_custom_1595340476462{margin-top: 120px !important;margin-bottom: 50px !important;}&#8221;][vc_custom_heading text=&#8221;STARTUPS&#8221; font_container=&#8221;tag:h2|font_size:24x|text_align:center|color:%234c3957|line_height:1&#8243; google_fonts=&#8221;font_family:Anton%3Aregular|font_style:400%20regular%3A400%3Anormal&#8221; css=&#8221;.vc_custom_1595340487407{margin-bottom: 80px !important;}&#8221; link=&#8221;url:https%3A%2F%2Fshop.tutu.lt%2Fen%2Fproduct-category%2Fclassic-collection-tutuspot-startups%2F|&#8221;]<div class=\"btn-wrapper btn-align-center\">\n    <a class=\"btn btn-color-black btn-align-center btn-size-lg btn-style-outline btn-shape-square btn-brw-2\" href=\"\/produkto-kategorija\/klasikine-kolekcija-tutu-startuoliai\/\" title=\"\"><span>I\u0161sirink savaj\u012f!<\/span><\/a><\/div>[\/vc_column][\/vc_row][vc_row full_width=&#8221;stretch_row&#8221; full_height=&#8221;yes&#8221; content_placement=&#8221;middle&#8221; parallax=&#8221;content-moving&#8221; parallax_image=&#8221;5071&#8243; parallax_speed_bg=&#8221;1.0&#8243;][vc_column][vc_custom_heading text=&#8221;FOR SPECIAL OCCASIONS&#8221; font_container=&#8221;tag:div|font_size:55px|text_align:center|color:%23ffffff|line_height:60px&#8221; google_fonts=&#8221;font_family:Anton%3Aregular|font_style:400%20regular%3A400%3Anormal&#8221; css=&#8221;.vc_custom_1595341563669{margin-top: 120px !important;margin-bottom: 50px !important;}&#8221; link=&#8221;url:https%3A%2F%2Fshop.tutu.lt%2Fen%2Fproduct-category%2Ffor-special-occasions-themed%2F|&#8221;][vc_custom_heading text=&#8221;&#8221; font_container=&#8221;tag:h2|font_size:24x|text_align:center|color:%23ffffff|line_height:1&#8243; google_fonts=&#8221;font_family:Anton%3Aregular|font_style:400%20regular%3A400%3Anormal&#8221; css=&#8221;.vc_custom_1595339743432{margin-bottom: 80px !important;}&#8221; link=&#8221;url:https%3A%2F%2Fshop.tutu.lt%2Fen%2Fproduct-category%2Fsport-exercise-for-tongue%2F|&#8221;]<div class=\"btn-wrapper btn-align-center\">\n    <a class=\"btn btn-color-black btn-align-center btn-size-lg btn-style-outline btn-shape-square btn-brw-2\" href=\"https:\/\/shop.tutu.lt\/produkto-kategorija\/tutu-saldainiai-ypatingoms-progoms-teminiai\/\" title=\"\"><span>Tu man r\u016bpi !<\/span><\/a><\/div>[\/vc_column][\/vc_row][vc_row full_width=&#8221;stretch_row&#8221; full_height=&#8221;yes&#8221; equal_height=&#8221;yes&#8221; content_placement=&#8221;middle&#8221; parallax=&#8221;content-moving&#8221; parallax_image=&#8221;4991&#8243; parallax_speed_bg=&#8221;1.0&#8243;][vc_column][vc_custom_heading text=&#8221;MINI 3&#8243; font_container=&#8221;tag:h2|font_size:72px|text_align:center|color:%234c3957|line_height:1&#8243; google_fonts=&#8221;font_family:Anton%3Aregular|font_style:400%20regular%3A400%3Anormal&#8221; css=&#8221;.vc_custom_1603804139442{margin-bottom: 20px !important;}&#8221;][vc_custom_heading text=&#8221;MAGIC STICKS&#8221; font_container=&#8221;tag:div|font_size:72px|text_align:center|color:%234c3957|line_height:1&#8243; google_fonts=&#8221;font_family:Anton%3Aregular|font_style:400%20regular%3A400%3Anormal&#8221; el_class=&#8221;letter-spacing-3&#8243; css=&#8221;.vc_custom_1603804152232{margin-bottom: 50px !important;}&#8221;]<div class=\"btn-wrapper btn-align-center\">\n    <a class=\"btn btn-color-black btn-align-center btn-size-lg btn-style-outline btn-shape-square btn-brw-2\" href=\"https:\/\/shop.tutu.lt\/produkto-kategorija\/tutu-saldainiai-mini-trys\/\" title=\"\"><span>Noriu dalintis stebuklais<\/span><\/a><\/div>[\/vc_column][\/vc_row][vc_row full_width=&#8221;stretch_row&#8221; full_height=&#8221;yes&#8221; equal_height=&#8221;yes&#8221; content_placement=&#8221;middle&#8221; parallax=&#8221;content-moving&#8221; parallax_image=&#8221;4994&#8243; parallax_speed_bg=&#8221;1.0&#8243;][vc_column][vc_custom_heading text=&#8221;FOREST GAMES&#8221; font_container=&#8221;tag:div|font_size:60px|text_align:center|color:%234c3957|line_height:60px&#8221; google_fonts=&#8221;font_family:Anton%3Aregular|font_style:400%20regular%3A400%3Anormal&#8221; css=&#8221;.vc_custom_1595340548592{margin-top: 120px !important;margin-bottom: 50px !important;}&#8221; link=&#8221;url:https%3A%2F%2Fshop.tutu.lt%2Fen%2Fproduct-category%2Fforest-games%2F|&#8221;][vc_custom_heading text=&#8221;&#8221; font_container=&#8221;tag:h2|font_size:24x|text_align:center|color:%23000000|line_height:1&#8243; google_fonts=&#8221;font_family:Anton%3Aregular|font_style:400%20regular%3A400%3Anormal&#8221; css=&#8221;.vc_custom_1594830456940{margin-bottom: 80px !important;}&#8221; link=&#8221;url:https%3A%2F%2Fshop.tutu.lt%2Fen%2Fproduct-category%2Fforest-games%2F|&#8221;]<div class=\"btn-wrapper btn-align-center\">\n    <a class=\"btn btn-color-black btn-align-center btn-size-lg btn-style-outline btn-shape-square btn-brw-2\" href=\"https:\/\/shop.tutu.lt\/produkto-kategorija\/tutu-saldainiai-misko-zaidimai\/\" title=\"\"><span>M\u0117gstu gamt\u0105 ir \u0161ypsotis \ud83d\ude42<\/span><\/a><\/div>[\/vc_column][\/vc_row][vc_row full_width=&#8221;stretch_row&#8221; full_height=&#8221;yes&#8221; equal_height=&#8221;yes&#8221; content_placement=&#8221;middle&#8221; parallax=&#8221;content-moving-fade&#8221; parallax_image=&#8221;5003&#8243; parallax_speed_bg=&#8221;1.0&#8243;][vc_column][vc_custom_heading text=&#8221;SPORT&#8221; font_container=&#8221;tag:div|font_size:70px|text_align:center|color:%234c3957|line_height:30px&#8221; google_fonts=&#8221;font_family:Anton%3Aregular|font_style:400%20regular%3A400%3Anormal&#8221; css=&#8221;.vc_custom_1629997328396{margin-top: 120px !important;margin-bottom: 50px !important;}&#8221; link=&#8221;url:https%3A%2F%2Fshop.tutu.lt%2Fen%2Fproduct-category%2Fsport-exercise-for-tongue%2F|&#8221;][vc_custom_heading text=&#8221;Tongue exercise&#8221; font_container=&#8221;tag:h2|font_size:24x|text_align:center|color:%234c3957|line_height:1&#8243; google_fonts=&#8221;font_family:Anton%3Aregular|font_style:400%20regular%3A400%3Anormal&#8221; css=&#8221;.vc_custom_1629997336171{margin-bottom: 80px !important;}&#8221; link=&#8221;url:https%3A%2F%2Fshop.tutu.lt%2Fen%2Fproduct-category%2Fsport-exercise-for-tongue%2F|&#8221;]<div class=\"btn-wrapper btn-align-center\">\n    <a class=\"btn btn-color-black btn-align-center btn-size-lg btn-style-outline btn-shape-square btn-brw-2\" href=\"https:\/\/shop.tutu.lt\/produkto-kategorija\/tutu-saldainiai-sportas\/\" title=\"\"><span>Noriu treniruotis!<\/span><\/a><\/div>[\/vc_column][\/vc_row][vc_row full_width=&#8221;stretch_row&#8221; full_height=&#8221;yes&#8221; equal_height=&#8221;yes&#8221; content_placement=&#8221;middle&#8221; parallax=&#8221;content-moving&#8221; parallax_image=&#8221;4934&#8243; parallax_speed_bg=&#8221;1.0&#8243;][vc_column][vc_custom_heading text=&#8221;ORGANIC HERBAL TEA&#8221; font_container=&#8221;tag:div|font_size:40px|text_align:center|color:%234c3957|line_height:60px&#8221; google_fonts=&#8221;font_family:Anton%3Aregular|font_style:400%20regular%3A400%3Anormal&#8221; css=&#8221;.vc_custom_1595340630887{margin-top: 120px !important;margin-bottom: 50px !important;}&#8221; link=&#8221;url:https%3A%2F%2Fshop.tutu.lt%2Fen%2Fproduct-category%2Fhot-tea-spoons%2F|&#8221;][vc_custom_heading text=&#8221;&#8221; font_container=&#8221;tag:h2|font_size:24x|text_align:center|color:%234c3957|line_height:1&#8243; google_fonts=&#8221;font_family:Raleway%3A100%2C200%2C300%2Cregular%2C500%2C600%2C700%2C800%2C900|font_style:700%20bold%20regular%3A700%3Anormal&#8221; css=&#8221;.vc_custom_1595340640397{margin-bottom: 80px !important;}&#8221; link=&#8221;url:https%3A%2F%2Fshop.tutu.lt%2Fen%2Fproduct-category%2Fsport-exercise-for-tongue%2F|&#8221;]<div class=\"btn-wrapper btn-align-center\">\n    <a class=\"btn btn-color-black btn-align-center btn-size-lg btn-style-outline btn-shape-square btn-brw-2\" href=\"https:\/\/shop.tutu.lt\/produkto-kategorija\/tutu-arbatos\/\" title=\"\"><span>Prisiminkim kitaip<\/span><\/a><\/div>[\/vc_column][\/vc_row]<\/p>\n","protected":false},"excerpt":{"rendered":"<p>[vc_row full_width=&#8221;stretch_row&#8221; full_height=&#8221;yes&#8221; equal_height=&#8221;yes&#8221; content_placement=&#8221;middle&#8221; parallax=&#8221;content-moving&#8221; parallax_image=&#8221;4986&#8243; parallax_speed_bg=&#8221;1&#8243;][vc_column][vc_custom_heading text=&#8221;STYLISH LOLLIPOPS&#8221; font_container=&#8221;tag:h2|font_size:60px|text_align:center|color:%23ffffff|line_height:1&#8243; google_fonts=&#8221;font_family:Anton%3Aregular|font_style:400%20regular%3A400%3Anormal&#8221; css=&#8221;.vc_custom_1601933266082{margin-top: 100px !important;margin-bottom:&hellip;<\/p>\n","protected":false},"author":1,"featured_media":0,"parent":0,"menu_order":0,"comment_status":"closed","ping_status":"closed","template":"","meta":{"footnotes":""},"class_list":["post-6348","page","type-page","status-publish","hentry"],"yoast_head":"<!-- This site is optimized with the Yoast SEO plugin v27.5 - https:\/\/yoast.com\/product\/yoast-seo-wordpress\/ -->\n<title>Stylish TUTUspot lollipops unique gifts | edible surprise<\/title>\n<meta name=\"description\" content=\"Unique gifts, edible surprise, created in Lithuania Souvenirs for business. Natural, sustainable production, handmade, suitable for vegetarians, children\" \/>\n<meta name=\"robots\" content=\"index, follow, max-snippet:-1, max-image-preview:large, max-video-preview:-1\" \/>\n<link rel=\"canonical\" href=\"https:\/\/shop.tutu.lt\/en\/\" \/>\n<meta property=\"og:locale\" content=\"en_US\" \/>\n<meta property=\"og:type\" content=\"article\" \/>\n<meta property=\"og:title\" content=\"Hurry up to pick out! | TUTUspot\" \/>\n<meta property=\"og:description\" content=\"Unique gifts, edible surprise, created in Lithuania Souvenirs for business. Natural, sustainable production, handmade, suitable for vegetarians, children\" \/>\n<meta property=\"og:url\" content=\"https:\/\/shop.tutu.lt\/en\/\" \/>\n<meta property=\"og:site_name\" content=\"Stylish TUTUspot lollipops | Eshop\" \/>\n<meta property=\"article:modified_time\" content=\"2025-10-30T23:14:30+00:00\" \/>\n<meta property=\"og:image\" content=\"https:\/\/shop.tutu.lt\/wp-content\/uploads\/2021\/11\/Copy-of-Investing-in-Property-1.jpg\" \/>\n<meta name=\"twitter:card\" content=\"summary_large_image\" \/>\n<meta name=\"twitter:label1\" content=\"Est. reading time\" \/>\n\t<meta name=\"twitter:data1\" content=\"2 minutes\" \/>\n<script type=\"application\/ld+json\" class=\"yoast-schema-graph\">{\"@context\":\"https:\\\/\\\/schema.org\",\"@graph\":[{\"@type\":\"WebPage\",\"@id\":\"https:\\\/\\\/shop.tutu.lt\\\/en\\\/\",\"url\":\"https:\\\/\\\/shop.tutu.lt\\\/en\\\/\",\"name\":\"Stylish TUTUspot lollipops unique gifts | edible surprise\",\"isPartOf\":{\"@id\":\"https:\\\/\\\/shop.tutu.lt\\\/en\\\/#website\"},\"datePublished\":\"2021-09-09T23:02:27+00:00\",\"dateModified\":\"2025-10-30T23:14:30+00:00\",\"description\":\"Unique gifts, edible surprise, created in Lithuania Souvenirs for business. Natural, sustainable production, handmade, suitable for vegetarians, children\",\"breadcrumb\":{\"@id\":\"https:\\\/\\\/shop.tutu.lt\\\/en\\\/#breadcrumb\"},\"inLanguage\":\"en-US\",\"potentialAction\":[{\"@type\":\"ReadAction\",\"target\":[\"https:\\\/\\\/shop.tutu.lt\\\/en\\\/\"]}]},{\"@type\":\"BreadcrumbList\",\"@id\":\"https:\\\/\\\/shop.tutu.lt\\\/en\\\/#breadcrumb\",\"itemListElement\":[{\"@type\":\"ListItem\",\"position\":1,\"name\":\"Home\",\"item\":\"https:\\\/\\\/shop.tutu.lt\\\/en\\\/\"},{\"@type\":\"ListItem\",\"position\":2,\"name\":\"Stylish TUTUspot lollipops unique gifts\"}]},{\"@type\":\"WebSite\",\"@id\":\"https:\\\/\\\/shop.tutu.lt\\\/en\\\/#website\",\"url\":\"https:\\\/\\\/shop.tutu.lt\\\/en\\\/\",\"name\":\"Stylish TUTUspot lollipops | Eshop\",\"description\":\"Natural Lollipops online shop\",\"publisher\":{\"@id\":\"https:\\\/\\\/shop.tutu.lt\\\/en\\\/#organization\"},\"potentialAction\":[{\"@type\":\"SearchAction\",\"target\":{\"@type\":\"EntryPoint\",\"urlTemplate\":\"https:\\\/\\\/shop.tutu.lt\\\/en\\\/?s={search_term_string}\"},\"query-input\":{\"@type\":\"PropertyValueSpecification\",\"valueRequired\":true,\"valueName\":\"search_term_string\"}}],\"inLanguage\":\"en-US\"},{\"@type\":\"Organization\",\"@id\":\"https:\\\/\\\/shop.tutu.lt\\\/en\\\/#organization\",\"name\":\"TUTU ni\u0161ini\u0173 saldaini\u0173-objekt\u0173 gamybos studija\",\"url\":\"https:\\\/\\\/shop.tutu.lt\\\/en\\\/\",\"logo\":{\"@type\":\"ImageObject\",\"inLanguage\":\"en-US\",\"@id\":\"https:\\\/\\\/shop.tutu.lt\\\/en\\\/#\\\/schema\\\/logo\\\/image\\\/\",\"url\":\"https:\\\/\\\/shop.tutu.lt\\\/wp-content\\\/uploads\\\/2020\\\/06\\\/TUTUspot-LOGO_d_100.png\",\"contentUrl\":\"https:\\\/\\\/shop.tutu.lt\\\/wp-content\\\/uploads\\\/2020\\\/06\\\/TUTUspot-LOGO_d_100.png\",\"width\":46,\"height\":100,\"caption\":\"TUTU ni\u0161ini\u0173 saldaini\u0173-objekt\u0173 gamybos studija\"},\"image\":{\"@id\":\"https:\\\/\\\/shop.tutu.lt\\\/en\\\/#\\\/schema\\\/logo\\\/image\\\/\"}}]}<\/script>\n<!-- \/ Yoast SEO plugin. -->","yoast_head_json":{"title":"Stylish TUTUspot lollipops unique gifts | edible surprise","description":"Unique gifts, edible surprise, created in Lithuania Souvenirs for business. Natural, sustainable production, handmade, suitable for vegetarians, children","robots":{"index":"index","follow":"follow","max-snippet":"max-snippet:-1","max-image-preview":"max-image-preview:large","max-video-preview":"max-video-preview:-1"},"canonical":"https:\/\/shop.tutu.lt\/en\/","og_locale":"en_US","og_type":"article","og_title":"Hurry up to pick out! | TUTUspot","og_description":"Unique gifts, edible surprise, created in Lithuania Souvenirs for business. Natural, sustainable production, handmade, suitable for vegetarians, children","og_url":"https:\/\/shop.tutu.lt\/en\/","og_site_name":"Stylish TUTUspot lollipops | Eshop","article_modified_time":"2025-10-30T23:14:30+00:00","og_image":[{"url":"https:\/\/shop.tutu.lt\/wp-content\/uploads\/2021\/11\/Copy-of-Investing-in-Property-1.jpg","type":"","width":"","height":""}],"twitter_card":"summary_large_image","twitter_misc":{"Est. reading time":"2 minutes"},"schema":{"@context":"https:\/\/schema.org","@graph":[{"@type":"WebPage","@id":"https:\/\/shop.tutu.lt\/en\/","url":"https:\/\/shop.tutu.lt\/en\/","name":"Stylish TUTUspot lollipops unique gifts | edible surprise","isPartOf":{"@id":"https:\/\/shop.tutu.lt\/en\/#website"},"datePublished":"2021-09-09T23:02:27+00:00","dateModified":"2025-10-30T23:14:30+00:00","description":"Unique gifts, edible surprise, created in Lithuania Souvenirs for business. Natural, sustainable production, handmade, suitable for vegetarians, children","breadcrumb":{"@id":"https:\/\/shop.tutu.lt\/en\/#breadcrumb"},"inLanguage":"en-US","potentialAction":[{"@type":"ReadAction","target":["https:\/\/shop.tutu.lt\/en\/"]}]},{"@type":"BreadcrumbList","@id":"https:\/\/shop.tutu.lt\/en\/#breadcrumb","itemListElement":[{"@type":"ListItem","position":1,"name":"Home","item":"https:\/\/shop.tutu.lt\/en\/"},{"@type":"ListItem","position":2,"name":"Stylish TUTUspot lollipops unique gifts"}]},{"@type":"WebSite","@id":"https:\/\/shop.tutu.lt\/en\/#website","url":"https:\/\/shop.tutu.lt\/en\/","name":"Stylish TUTUspot lollipops | Eshop","description":"Natural Lollipops online shop","publisher":{"@id":"https:\/\/shop.tutu.lt\/en\/#organization"},"potentialAction":[{"@type":"SearchAction","target":{"@type":"EntryPoint","urlTemplate":"https:\/\/shop.tutu.lt\/en\/?s={search_term_string}"},"query-input":{"@type":"PropertyValueSpecification","valueRequired":true,"valueName":"search_term_string"}}],"inLanguage":"en-US"},{"@type":"Organization","@id":"https:\/\/shop.tutu.lt\/en\/#organization","name":"TUTU ni\u0161ini\u0173 saldaini\u0173-objekt\u0173 gamybos studija","url":"https:\/\/shop.tutu.lt\/en\/","logo":{"@type":"ImageObject","inLanguage":"en-US","@id":"https:\/\/shop.tutu.lt\/en\/#\/schema\/logo\/image\/","url":"https:\/\/shop.tutu.lt\/wp-content\/uploads\/2020\/06\/TUTUspot-LOGO_d_100.png","contentUrl":"https:\/\/shop.tutu.lt\/wp-content\/uploads\/2020\/06\/TUTUspot-LOGO_d_100.png","width":46,"height":100,"caption":"TUTU ni\u0161ini\u0173 saldaini\u0173-objekt\u0173 gamybos studija"},"image":{"@id":"https:\/\/shop.tutu.lt\/en\/#\/schema\/logo\/image\/"}}]}},"_links":{"self":[{"href":"https:\/\/shop.tutu.lt\/en\/wp-json\/wp\/v2\/pages\/6348","targetHints":{"allow":["GET"]}}],"collection":[{"href":"https:\/\/shop.tutu.lt\/en\/wp-json\/wp\/v2\/pages"}],"about":[{"href":"https:\/\/shop.tutu.lt\/en\/wp-json\/wp\/v2\/types\/page"}],"author":[{"embeddable":true,"href":"https:\/\/shop.tutu.lt\/en\/wp-json\/wp\/v2\/users\/1"}],"replies":[{"embeddable":true,"href":"https:\/\/shop.tutu.lt\/en\/wp-json\/wp\/v2\/comments?post=6348"}],"version-history":[{"count":26,"href":"https:\/\/shop.tutu.lt\/en\/wp-json\/wp\/v2\/pages\/6348\/revisions"}],"predecessor-version":[{"id":6780,"href":"https:\/\/shop.tutu.lt\/en\/wp-json\/wp\/v2\/pages\/6348\/revisions\/6780"}],"wp:attachment":[{"href":"https:\/\/shop.tutu.lt\/en\/wp-json\/wp\/v2\/media?parent=6348"}],"curies":[{"name":"wp","href":"https:\/\/api.w.org\/{rel}","templated":true}]}}