{"id":5128,"date":"2020-09-03T12:02:16","date_gmt":"2020-09-03T12:02:16","guid":{"rendered":"https:\/\/shop.tutu.lt\/?post_type=product&#038;p=5128"},"modified":"2024-03-07T18:52:18","modified_gmt":"2024-03-07T18:52:18","slug":"apvalus-zalias-saldainis-ledinukas-kopija","status":"publish","type":"product","link":"https:\/\/shop.tutu.lt\/en\/shop\/product\/apvalus-zalias-saldainis-ledinukas-kopija\/","title":{"rendered":"TUTUspot &#8220;PRIESKONI\u0172 TA\u0160KAS\u201c &#8211; stilinga, gurmani\u0161ka dovana \u0161vent\u0117ms ledinukas"},"content":{"rendered":"<p>TUTUspot &#8220;PRIESKONI\u0172 TA\u0160KAS\u201c gurmani\u0161ka kal\u0117din\u0117 dovana ledinukas. Nat\u016bralus,rank\u0173 darbo suvenyras,be GMO,be alergen\u0173. \u017diemos skonis \u00a0i\u0161 TUTU.lt<\/p>\n<p><span data-sheets-value=\"{&quot;1&quot;:2,&quot;2&quot;:&quot; \\&quot;Mi\u0161ko \u017eaidimai\\&quot; Kal\u0117dinio g\u0117rimo karamel\u0117s dovana saldainis. Dizainas - \u017ealia apskritimo forma. Id\u0117ja - saman\u0173 kupstas, benokstanti uoga, kalva. Su vitaminu C. Sudedamosios dalys: gliukoz\u0117s sirupas, cukrus, r\u016bg\u0161tingum\u0105 reguliojanti med\u017eiaga: askorbo r\u016bg\u0161tis, chlorofilinas, cinamon\u0173 ekstraktas, gvazdik\u0117li\u0173 eterinis aliejus, kardamon\u0173 ekstraktas, imbier\u0173 ekstraktas. Grynasis svoris 33 g. Maistin\u0117 vert\u0117 100 g\/ Energetin\u0117 vert\u0117 392 kcal \/1640 kj. Baltim\u0173 kiekis 0 g. Angliavandeni\u0173 kiekis 98 g, i\u0161 j\u0173 cukr\u0173 95 g. Riebal\u0173 kiekis 0,1 g, i\u0161 j\u0173 so\u010di\u0173j\u0173 riebal\u0173 r\u016bg\u0161\u010di\u0173 a&lt; 0,5 g. Natrio kiekis 0,039 g.&quot;}\" data-sheets-userformat=\"{&quot;2&quot;:4865,&quot;3&quot;:{&quot;1&quot;:0},&quot;11&quot;:3,&quot;12&quot;:0,&quot;15&quot;:&quot;Helvetica Neue&quot;}\">&#8220;Mi\u0161ko \u017eaidimai&#8221; Kal\u0117dinio g\u0117rimo skonio karamel\u0117s dovana saldainis. Dizainas &#8211; \u017ealia apskritimo forma. Id\u0117ja &#8211; saman\u0173 kupstas, benokstanti uoga, kalva. Su vitaminu C. <span style=\"color: #ffffff;\">Sudedamosios dalys: gliukoz\u0117s sirupas, cukrus, r\u016bg\u0161tingum\u0105 reguliojanti med\u017eiaga: askorbo r\u016bg\u0161tis, chlorofilinas, cinamon\u0173 ekstraktas, gvazdik\u0117li\u0173 eterinis aliejus, kardamon\u0173 ekstraktas, imbier\u0173 ekstraktas. Grynasis svoris 33 g. Maistin\u0117 vert\u0117 100 g\/ Energetin\u0117 vert\u0117 392 kcal \/1640 kj. Baltim\u0173 kiekis 0 g. Angliavandeni\u0173 kiekis 98 g, i\u0161 j\u0173 cukr\u0173 95 g. Riebal\u0173 kiekis 0,1 g, i\u0161 j\u0173 so\u010di\u0173j\u0173 riebal\u0173 r\u016bg\u0161\u010di\u0173 a&lt; 0,5 g. Natrio kiekis 0,039 g.<\/span><\/span><\/p>\n","protected":false},"excerpt":{"rendered":"<p>\u00a0 \u00a0 \u00a0\u00a0 &#8220;Mi\u0161ko \u017eaidimai&#8221; Kal\u0117dinio g\u0117rimo skonio karamel\u0117s dovana saldainis. Dizainas &#8211; \u017ealia apskritimo&hellip;<\/p>\n","protected":false},"featured_media":5129,"template":"","meta":[],"product_brand":[],"product_cat":[68],"product_tag":[137,126,135,138,98],"class_list":{"0":"post-5128","1":"product","2":"type-product","3":"status-publish","4":"has-post-thumbnail","6":"product_cat-tutu-saldainiai-misko-zaidimai","7":"product_tag-apvalus","8":"product_tag-didelis","9":"product_tag-prieskoniai","10":"product_tag-saldziarugstis","11":"product_tag-zalias","13":"first","14":"onbackorder","15":"taxable","16":"shipping-taxable","17":"purchasable","18":"product-type-simple","19":"thumb-has-effect","20":"prod-rating-off"},"yoast_head":"<!-- This site is optimized with the Yoast SEO plugin v27.4 - https:\/\/yoast.com\/product\/yoast-seo-wordpress\/ -->\n<title>TUTUspot &quot;PRIESKONI\u0172 TA\u0160KAS\u201c gurmani\u0161ka kal\u0117din\u0117 dovana ledinukas<\/title>\n<meta name=\"description\" content=\"TUTUspot &quot;PRIESKONI\u0172 TA\u0160KAS\u201c gurmani\u0161ka kal\u0117din\u0117 dovana ledinukas. Nat\u016bralus,rank\u0173 darbo suvenyras,be GMO,be alergen\u0173. \u017diemos skonis. tutu.lt\" \/>\n<meta name=\"robots\" content=\"index, follow, max-snippet:-1, max-image-preview:large, max-video-preview:-1\" \/>\n<link rel=\"canonical\" href=\"https:\/\/shop.tutu.lt\/en\/shop\/product\/apvalus-zalias-saldainis-ledinukas-kopija\/\" \/>\n<meta property=\"og:locale\" content=\"en_US\" \/>\n<meta property=\"og:type\" content=\"article\" \/>\n<meta property=\"og:title\" content=\"TUTUspot &quot;PRIESKONI\u0172 TA\u0160KAS\u201c gurmani\u0161ka kal\u0117din\u0117 dovana ledinukas\" \/>\n<meta property=\"og:description\" content=\"TUTUspot &quot;PRIESKONI\u0172 TA\u0160KAS\u201c gurmani\u0161ka kal\u0117din\u0117 dovana ledinukas. Nat\u016bralus,rank\u0173 darbo suvenyras,be GMO,be alergen\u0173. \u017diemos skonis. tutu.lt\" \/>\n<meta property=\"og:url\" content=\"https:\/\/shop.tutu.lt\/en\/shop\/product\/apvalus-zalias-saldainis-ledinukas-kopija\/\" \/>\n<meta property=\"og:site_name\" content=\"Stylish TUTUspot lollipops | Eshop\" \/>\n<meta property=\"article:modified_time\" content=\"2024-03-07T18:52:18+00:00\" \/>\n<meta property=\"og:image\" content=\"https:\/\/shop.tutu.lt\/wp-content\/uploads\/2020\/09\/Untitled-design-28.jpg\" \/>\n\t<meta property=\"og:image:width\" content=\"900\" \/>\n\t<meta property=\"og:image:height\" content=\"900\" \/>\n\t<meta property=\"og:image:type\" content=\"image\/jpeg\" \/>\n<meta name=\"twitter:card\" content=\"summary_large_image\" \/>\n<meta name=\"twitter:label1\" content=\"Est. reading time\" \/>\n\t<meta name=\"twitter:data1\" content=\"1 minute\" \/>\n<script type=\"application\/ld+json\" class=\"yoast-schema-graph\">{\"@context\":\"https:\\\/\\\/schema.org\",\"@graph\":[{\"@type\":\"WebPage\",\"@id\":\"https:\\\/\\\/shop.tutu.lt\\\/en\\\/shop\\\/product\\\/apvalus-zalias-saldainis-ledinukas-kopija\\\/\",\"url\":\"https:\\\/\\\/shop.tutu.lt\\\/en\\\/shop\\\/product\\\/apvalus-zalias-saldainis-ledinukas-kopija\\\/\",\"name\":\"TUTUspot \\\"PRIESKONI\u0172 TA\u0160KAS\u201c gurmani\u0161ka kal\u0117din\u0117 dovana ledinukas\",\"isPartOf\":{\"@id\":\"https:\\\/\\\/shop.tutu.lt\\\/en\\\/#website\"},\"primaryImageOfPage\":{\"@id\":\"https:\\\/\\\/shop.tutu.lt\\\/en\\\/shop\\\/product\\\/apvalus-zalias-saldainis-ledinukas-kopija\\\/#primaryimage\"},\"image\":{\"@id\":\"https:\\\/\\\/shop.tutu.lt\\\/en\\\/shop\\\/product\\\/apvalus-zalias-saldainis-ledinukas-kopija\\\/#primaryimage\"},\"thumbnailUrl\":\"https:\\\/\\\/shop.tutu.lt\\\/wp-content\\\/uploads\\\/2020\\\/09\\\/Untitled-design-28.jpg\",\"datePublished\":\"2020-09-03T12:02:16+00:00\",\"dateModified\":\"2024-03-07T18:52:18+00:00\",\"description\":\"TUTUspot \\\"PRIESKONI\u0172 TA\u0160KAS\u201c gurmani\u0161ka kal\u0117din\u0117 dovana ledinukas. Nat\u016bralus,rank\u0173 darbo suvenyras,be GMO,be alergen\u0173. \u017diemos skonis. tutu.lt\",\"breadcrumb\":{\"@id\":\"https:\\\/\\\/shop.tutu.lt\\\/en\\\/shop\\\/product\\\/apvalus-zalias-saldainis-ledinukas-kopija\\\/#breadcrumb\"},\"inLanguage\":\"en-US\",\"potentialAction\":[{\"@type\":\"ReadAction\",\"target\":[\"https:\\\/\\\/shop.tutu.lt\\\/en\\\/shop\\\/product\\\/apvalus-zalias-saldainis-ledinukas-kopija\\\/\"]}]},{\"@type\":\"ImageObject\",\"inLanguage\":\"en-US\",\"@id\":\"https:\\\/\\\/shop.tutu.lt\\\/en\\\/shop\\\/product\\\/apvalus-zalias-saldainis-ledinukas-kopija\\\/#primaryimage\",\"url\":\"https:\\\/\\\/shop.tutu.lt\\\/wp-content\\\/uploads\\\/2020\\\/09\\\/Untitled-design-28.jpg\",\"contentUrl\":\"https:\\\/\\\/shop.tutu.lt\\\/wp-content\\\/uploads\\\/2020\\\/09\\\/Untitled-design-28.jpg\",\"width\":900,\"height\":900,\"caption\":\"TUTUspot \\\"PRIESKONI\u0172 TA\u0160KAS\u201c gurmani\u0161ka kal\u0117din\u0117 dovana ledinukas. Nat\u016bralus,rank\u0173 darbo suvenyras,be GMO,be alergen\u0173. \u017diemos skonis Tutu.lt\"},{\"@type\":\"BreadcrumbList\",\"@id\":\"https:\\\/\\\/shop.tutu.lt\\\/en\\\/shop\\\/product\\\/apvalus-zalias-saldainis-ledinukas-kopija\\\/#breadcrumb\",\"itemListElement\":[{\"@type\":\"ListItem\",\"position\":1,\"name\":\"Home\",\"item\":\"https:\\\/\\\/shop.tutu.lt\\\/en\\\/\"},{\"@type\":\"ListItem\",\"position\":2,\"name\":\"E- shop\",\"item\":\"https:\\\/\\\/shop.tutu.lt\\\/en\\\/shop\\\/\"},{\"@type\":\"ListItem\",\"position\":3,\"name\":\"TUTUspot &#8222;PRIESKONI\u0172 TA\u0160KAS\u201c &#8211; stilinga, gurmani\u0161ka dovana \u0161vent\u0117ms ledinukas\"}]},{\"@type\":\"WebSite\",\"@id\":\"https:\\\/\\\/shop.tutu.lt\\\/en\\\/#website\",\"url\":\"https:\\\/\\\/shop.tutu.lt\\\/en\\\/\",\"name\":\"Stylish TUTUspot lollipops | Eshop\",\"description\":\"Natural Lollipops online shop\",\"publisher\":{\"@id\":\"https:\\\/\\\/shop.tutu.lt\\\/en\\\/#organization\"},\"potentialAction\":[{\"@type\":\"SearchAction\",\"target\":{\"@type\":\"EntryPoint\",\"urlTemplate\":\"https:\\\/\\\/shop.tutu.lt\\\/en\\\/?s={search_term_string}\"},\"query-input\":{\"@type\":\"PropertyValueSpecification\",\"valueRequired\":true,\"valueName\":\"search_term_string\"}}],\"inLanguage\":\"en-US\"},{\"@type\":\"Organization\",\"@id\":\"https:\\\/\\\/shop.tutu.lt\\\/en\\\/#organization\",\"name\":\"TUTU ni\u0161ini\u0173 saldaini\u0173-objekt\u0173 gamybos studija\",\"url\":\"https:\\\/\\\/shop.tutu.lt\\\/en\\\/\",\"logo\":{\"@type\":\"ImageObject\",\"inLanguage\":\"en-US\",\"@id\":\"https:\\\/\\\/shop.tutu.lt\\\/en\\\/#\\\/schema\\\/logo\\\/image\\\/\",\"url\":\"https:\\\/\\\/shop.tutu.lt\\\/wp-content\\\/uploads\\\/2020\\\/06\\\/TUTUspot-LOGO_d_100.png\",\"contentUrl\":\"https:\\\/\\\/shop.tutu.lt\\\/wp-content\\\/uploads\\\/2020\\\/06\\\/TUTUspot-LOGO_d_100.png\",\"width\":46,\"height\":100,\"caption\":\"TUTU ni\u0161ini\u0173 saldaini\u0173-objekt\u0173 gamybos studija\"},\"image\":{\"@id\":\"https:\\\/\\\/shop.tutu.lt\\\/en\\\/#\\\/schema\\\/logo\\\/image\\\/\"}}]}<\/script>\n<!-- \/ Yoast SEO plugin. -->","yoast_head_json":{"title":"TUTUspot \"PRIESKONI\u0172 TA\u0160KAS\u201c gurmani\u0161ka kal\u0117din\u0117 dovana ledinukas","description":"TUTUspot \"PRIESKONI\u0172 TA\u0160KAS\u201c gurmani\u0161ka kal\u0117din\u0117 dovana ledinukas. Nat\u016bralus,rank\u0173 darbo suvenyras,be GMO,be alergen\u0173. \u017diemos skonis. tutu.lt","robots":{"index":"index","follow":"follow","max-snippet":"max-snippet:-1","max-image-preview":"max-image-preview:large","max-video-preview":"max-video-preview:-1"},"canonical":"https:\/\/shop.tutu.lt\/en\/shop\/product\/apvalus-zalias-saldainis-ledinukas-kopija\/","og_locale":"en_US","og_type":"article","og_title":"TUTUspot \"PRIESKONI\u0172 TA\u0160KAS\u201c gurmani\u0161ka kal\u0117din\u0117 dovana ledinukas","og_description":"TUTUspot \"PRIESKONI\u0172 TA\u0160KAS\u201c gurmani\u0161ka kal\u0117din\u0117 dovana ledinukas. Nat\u016bralus,rank\u0173 darbo suvenyras,be GMO,be alergen\u0173. \u017diemos skonis. tutu.lt","og_url":"https:\/\/shop.tutu.lt\/en\/shop\/product\/apvalus-zalias-saldainis-ledinukas-kopija\/","og_site_name":"Stylish TUTUspot lollipops | Eshop","article_modified_time":"2024-03-07T18:52:18+00:00","og_image":[{"width":900,"height":900,"url":"https:\/\/shop.tutu.lt\/wp-content\/uploads\/2020\/09\/Untitled-design-28.jpg","type":"image\/jpeg"}],"twitter_card":"summary_large_image","twitter_misc":{"Est. reading time":"1 minute"},"schema":{"@context":"https:\/\/schema.org","@graph":[{"@type":"WebPage","@id":"https:\/\/shop.tutu.lt\/en\/shop\/product\/apvalus-zalias-saldainis-ledinukas-kopija\/","url":"https:\/\/shop.tutu.lt\/en\/shop\/product\/apvalus-zalias-saldainis-ledinukas-kopija\/","name":"TUTUspot \"PRIESKONI\u0172 TA\u0160KAS\u201c gurmani\u0161ka kal\u0117din\u0117 dovana ledinukas","isPartOf":{"@id":"https:\/\/shop.tutu.lt\/en\/#website"},"primaryImageOfPage":{"@id":"https:\/\/shop.tutu.lt\/en\/shop\/product\/apvalus-zalias-saldainis-ledinukas-kopija\/#primaryimage"},"image":{"@id":"https:\/\/shop.tutu.lt\/en\/shop\/product\/apvalus-zalias-saldainis-ledinukas-kopija\/#primaryimage"},"thumbnailUrl":"https:\/\/shop.tutu.lt\/wp-content\/uploads\/2020\/09\/Untitled-design-28.jpg","datePublished":"2020-09-03T12:02:16+00:00","dateModified":"2024-03-07T18:52:18+00:00","description":"TUTUspot \"PRIESKONI\u0172 TA\u0160KAS\u201c gurmani\u0161ka kal\u0117din\u0117 dovana ledinukas. Nat\u016bralus,rank\u0173 darbo suvenyras,be GMO,be alergen\u0173. \u017diemos skonis. tutu.lt","breadcrumb":{"@id":"https:\/\/shop.tutu.lt\/en\/shop\/product\/apvalus-zalias-saldainis-ledinukas-kopija\/#breadcrumb"},"inLanguage":"en-US","potentialAction":[{"@type":"ReadAction","target":["https:\/\/shop.tutu.lt\/en\/shop\/product\/apvalus-zalias-saldainis-ledinukas-kopija\/"]}]},{"@type":"ImageObject","inLanguage":"en-US","@id":"https:\/\/shop.tutu.lt\/en\/shop\/product\/apvalus-zalias-saldainis-ledinukas-kopija\/#primaryimage","url":"https:\/\/shop.tutu.lt\/wp-content\/uploads\/2020\/09\/Untitled-design-28.jpg","contentUrl":"https:\/\/shop.tutu.lt\/wp-content\/uploads\/2020\/09\/Untitled-design-28.jpg","width":900,"height":900,"caption":"TUTUspot \"PRIESKONI\u0172 TA\u0160KAS\u201c gurmani\u0161ka kal\u0117din\u0117 dovana ledinukas. Nat\u016bralus,rank\u0173 darbo suvenyras,be GMO,be alergen\u0173. \u017diemos skonis Tutu.lt"},{"@type":"BreadcrumbList","@id":"https:\/\/shop.tutu.lt\/en\/shop\/product\/apvalus-zalias-saldainis-ledinukas-kopija\/#breadcrumb","itemListElement":[{"@type":"ListItem","position":1,"name":"Home","item":"https:\/\/shop.tutu.lt\/en\/"},{"@type":"ListItem","position":2,"name":"E- shop","item":"https:\/\/shop.tutu.lt\/en\/shop\/"},{"@type":"ListItem","position":3,"name":"TUTUspot &#8222;PRIESKONI\u0172 TA\u0160KAS\u201c &#8211; stilinga, gurmani\u0161ka dovana \u0161vent\u0117ms ledinukas"}]},{"@type":"WebSite","@id":"https:\/\/shop.tutu.lt\/en\/#website","url":"https:\/\/shop.tutu.lt\/en\/","name":"Stylish TUTUspot lollipops | Eshop","description":"Natural Lollipops online shop","publisher":{"@id":"https:\/\/shop.tutu.lt\/en\/#organization"},"potentialAction":[{"@type":"SearchAction","target":{"@type":"EntryPoint","urlTemplate":"https:\/\/shop.tutu.lt\/en\/?s={search_term_string}"},"query-input":{"@type":"PropertyValueSpecification","valueRequired":true,"valueName":"search_term_string"}}],"inLanguage":"en-US"},{"@type":"Organization","@id":"https:\/\/shop.tutu.lt\/en\/#organization","name":"TUTU ni\u0161ini\u0173 saldaini\u0173-objekt\u0173 gamybos studija","url":"https:\/\/shop.tutu.lt\/en\/","logo":{"@type":"ImageObject","inLanguage":"en-US","@id":"https:\/\/shop.tutu.lt\/en\/#\/schema\/logo\/image\/","url":"https:\/\/shop.tutu.lt\/wp-content\/uploads\/2020\/06\/TUTUspot-LOGO_d_100.png","contentUrl":"https:\/\/shop.tutu.lt\/wp-content\/uploads\/2020\/06\/TUTUspot-LOGO_d_100.png","width":46,"height":100,"caption":"TUTU ni\u0161ini\u0173 saldaini\u0173-objekt\u0173 gamybos studija"},"image":{"@id":"https:\/\/shop.tutu.lt\/en\/#\/schema\/logo\/image\/"}}]}},"_links":{"self":[{"href":"https:\/\/shop.tutu.lt\/en\/wp-json\/wp\/v2\/product\/5128","targetHints":{"allow":["GET"]}}],"collection":[{"href":"https:\/\/shop.tutu.lt\/en\/wp-json\/wp\/v2\/product"}],"about":[{"href":"https:\/\/shop.tutu.lt\/en\/wp-json\/wp\/v2\/types\/product"}],"wp:featuredmedia":[{"embeddable":true,"href":"https:\/\/shop.tutu.lt\/en\/wp-json\/wp\/v2\/media\/5129"}],"wp:attachment":[{"href":"https:\/\/shop.tutu.lt\/en\/wp-json\/wp\/v2\/media?parent=5128"}],"wp:term":[{"taxonomy":"product_brand","embeddable":true,"href":"https:\/\/shop.tutu.lt\/en\/wp-json\/wp\/v2\/product_brand?post=5128"},{"taxonomy":"product_cat","embeddable":true,"href":"https:\/\/shop.tutu.lt\/en\/wp-json\/wp\/v2\/product_cat?post=5128"},{"taxonomy":"product_tag","embeddable":true,"href":"https:\/\/shop.tutu.lt\/en\/wp-json\/wp\/v2\/product_tag?post=5128"}],"curies":[{"name":"wp","href":"https:\/\/api.w.org\/{rel}","templated":true}]}}