{"id":6153,"date":"2020-10-28T11:07:53","date_gmt":"2021-05-03T16:15:39","guid":{"rendered":"https:\/\/shop.tutu.lt\/elekronine-parduotuve\/produktas\/tutuspot-mini-3-dangaus-burtai-originali-linksma-dovana-vaikams-ledinukai\/"},"modified":"2021-05-09T11:43:11","modified_gmt":"2021-05-09T11:43:11","slug":"tutuspot-mini-3-heaven-spells-original-fun-gift-kids-lollipop","status":"publish","type":"product","link":"https:\/\/shop.tutu.lt\/en\/shop\/product\/tutuspot-mini-3-heaven-spells-original-fun-gift-kids-lollipop\/","title":{"rendered":"TUTUspot \u201eMINI 3 SPELLS OF HEAVEN\u201c original, fun gift for kids lollipops"},"content":{"rendered":"<p><span data-sheets-value=\"{\" data-sheets-userformat=\"{\">TUTUspot \u201eSPELLS OF HEAVEN\u201c original, fun gift for kids lollipops. Set of three flavors &#8211; strawberry, mango, vanilla. Let&#8217;s make eating a game. <\/span><span style=\"font-weight: 400;\">Natural, handmade souvenirs, GMO &amp; allergens free. Suitable for vegetarians <\/span><span data-sheets-value=\"{\" data-sheets-userformat=\"{\">tutu.lt.<\/span><\/p>\n<p><span style=\"font-weight: 400;\">Set of candy gift is especially suitable for toddlers. Sweet, gentle, friendly for little hands. With vitamin C.<\/span><\/p>\n<p>&nbsp;<\/p>\n","protected":false},"excerpt":{"rendered":"<p>TUTUspot \u201eSPELLS OF HEAVEN\u201c original, fun gift for kids lollipops. Set of three flavors &#8211;&hellip;<\/p>\n","protected":false},"featured_media":5286,"template":"","meta":[],"product_brand":[],"product_cat":[239,169],"product_tag":[173,170,192,171,224,165,207,208,214],"class_list":{"0":"post-6153","1":"product","2":"type-product","3":"status-publish","4":"has-post-thumbnail","6":"product_cat-for-special-occasions-themed","7":"product_cat-mini-three-wand-sticks","8":"product_tag-for-children","9":"product_tag-gift","10":"product_tag-mango-en","11":"product_tag-mini-en","12":"product_tag-poppy-en","13":"product_tag-strawberry-flavor","14":"product_tag-sweet","15":"product_tag-sweet-and-sour","16":"product_tag-vanilla","18":"first","19":"onbackorder","20":"taxable","21":"shipping-taxable","22":"purchasable","23":"product-type-simple","24":"thumb-no-effect","25":"prod-rating-off"},"yoast_head":"<!-- This site is optimized with the Yoast SEO plugin v27.5 - https:\/\/yoast.com\/product\/yoast-seo-wordpress\/ -->\n<title>TUTUspot &quot;SPELLS OF HEAVEN\u201c fun game for kids lollipops<\/title>\n<meta name=\"description\" content=\"TUTUspot \u201eSPELLS OF HEAVEN\u201c fun game for kids lollipops. Natural, handmade souvenirs, GMO &amp; allergens free. Suitable for vegetarians tutu.lt.\" \/>\n<meta name=\"robots\" content=\"index, follow, max-snippet:-1, max-image-preview:large, max-video-preview:-1\" \/>\n<link rel=\"canonical\" href=\"https:\/\/shop.tutu.lt\/en\/shop\/product\/tutuspot-mini-3-heaven-spells-original-fun-gift-kids-lollipop\/\" \/>\n<meta property=\"og:locale\" content=\"en_US\" \/>\n<meta property=\"og:type\" content=\"article\" \/>\n<meta property=\"og:title\" content=\"TUTUspot &quot;SPELLS OF HEAVEN\u201c fun game for kids lollipops\" \/>\n<meta property=\"og:description\" content=\"TUTUspot \u201eSPELLS OF HEAVEN\u201c fun game for kids lollipops. Natural, handmade souvenirs, GMO &amp; allergens free. Suitable for vegetarians tutu.lt.\" \/>\n<meta property=\"og:url\" content=\"https:\/\/shop.tutu.lt\/en\/shop\/product\/tutuspot-mini-3-heaven-spells-original-fun-gift-kids-lollipop\/\" \/>\n<meta property=\"og:site_name\" content=\"Stylish TUTUspot lollipops | Eshop\" \/>\n<meta property=\"article:modified_time\" content=\"2021-05-09T11:43:11+00:00\" \/>\n<meta name=\"twitter:card\" content=\"summary_large_image\" \/>\n<script type=\"application\/ld+json\" class=\"yoast-schema-graph\">{\"@context\":\"https:\\\/\\\/schema.org\",\"@graph\":[{\"@type\":\"WebPage\",\"@id\":\"https:\\\/\\\/shop.tutu.lt\\\/en\\\/shop\\\/product\\\/tutuspot-mini-3-heaven-spells-original-fun-gift-kids-lollipop\\\/\",\"url\":\"https:\\\/\\\/shop.tutu.lt\\\/en\\\/shop\\\/product\\\/tutuspot-mini-3-heaven-spells-original-fun-gift-kids-lollipop\\\/\",\"name\":\"TUTUspot \\\"SPELLS OF HEAVEN\u201c fun game for kids lollipops\",\"isPartOf\":{\"@id\":\"https:\\\/\\\/shop.tutu.lt\\\/en\\\/#website\"},\"primaryImageOfPage\":{\"@id\":\"https:\\\/\\\/shop.tutu.lt\\\/en\\\/shop\\\/product\\\/tutuspot-mini-3-heaven-spells-original-fun-gift-kids-lollipop\\\/#primaryimage\"},\"image\":{\"@id\":\"https:\\\/\\\/shop.tutu.lt\\\/en\\\/shop\\\/product\\\/tutuspot-mini-3-heaven-spells-original-fun-gift-kids-lollipop\\\/#primaryimage\"},\"thumbnailUrl\":\"https:\\\/\\\/shop.tutu.lt\\\/wp-content\\\/uploads\\\/2020\\\/10\\\/Untitled-design-3.jpg\",\"datePublished\":\"2021-05-03T16:15:39+00:00\",\"dateModified\":\"2021-05-09T11:43:11+00:00\",\"description\":\"TUTUspot \u201eSPELLS OF HEAVEN\u201c fun game for kids lollipops. Natural, handmade souvenirs, GMO & allergens free. Suitable for vegetarians tutu.lt.\",\"breadcrumb\":{\"@id\":\"https:\\\/\\\/shop.tutu.lt\\\/en\\\/shop\\\/product\\\/tutuspot-mini-3-heaven-spells-original-fun-gift-kids-lollipop\\\/#breadcrumb\"},\"inLanguage\":\"en-US\",\"potentialAction\":[{\"@type\":\"ReadAction\",\"target\":[\"https:\\\/\\\/shop.tutu.lt\\\/en\\\/shop\\\/product\\\/tutuspot-mini-3-heaven-spells-original-fun-gift-kids-lollipop\\\/\"]}]},{\"@type\":\"ImageObject\",\"inLanguage\":\"en-US\",\"@id\":\"https:\\\/\\\/shop.tutu.lt\\\/en\\\/shop\\\/product\\\/tutuspot-mini-3-heaven-spells-original-fun-gift-kids-lollipop\\\/#primaryimage\",\"url\":\"https:\\\/\\\/shop.tutu.lt\\\/wp-content\\\/uploads\\\/2020\\\/10\\\/Untitled-design-3.jpg\",\"contentUrl\":\"https:\\\/\\\/shop.tutu.lt\\\/wp-content\\\/uploads\\\/2020\\\/10\\\/Untitled-design-3.jpg\",\"width\":900,\"height\":900,\"caption\":\"TUTUspot \u201eMINI 3 DANGAUS BURTAI\u201c originali,linksma dovana vaikams ledinukai\"},{\"@type\":\"BreadcrumbList\",\"@id\":\"https:\\\/\\\/shop.tutu.lt\\\/en\\\/shop\\\/product\\\/tutuspot-mini-3-heaven-spells-original-fun-gift-kids-lollipop\\\/#breadcrumb\",\"itemListElement\":[{\"@type\":\"ListItem\",\"position\":1,\"name\":\"Home\",\"item\":\"https:\\\/\\\/shop.tutu.lt\\\/en\\\/\"},{\"@type\":\"ListItem\",\"position\":2,\"name\":\"E- shop\",\"item\":\"https:\\\/\\\/shop.tutu.lt\\\/en\\\/shop\\\/\"},{\"@type\":\"ListItem\",\"position\":3,\"name\":\"TUTUspot \u201eMINI 3 SPELLS OF HEAVEN\u201c original, fun gift for kids lollipops\"}]},{\"@type\":\"WebSite\",\"@id\":\"https:\\\/\\\/shop.tutu.lt\\\/en\\\/#website\",\"url\":\"https:\\\/\\\/shop.tutu.lt\\\/en\\\/\",\"name\":\"Stylish TUTUspot lollipops | Eshop\",\"description\":\"Natural Lollipops online shop\",\"publisher\":{\"@id\":\"https:\\\/\\\/shop.tutu.lt\\\/en\\\/#organization\"},\"potentialAction\":[{\"@type\":\"SearchAction\",\"target\":{\"@type\":\"EntryPoint\",\"urlTemplate\":\"https:\\\/\\\/shop.tutu.lt\\\/en\\\/?s={search_term_string}\"},\"query-input\":{\"@type\":\"PropertyValueSpecification\",\"valueRequired\":true,\"valueName\":\"search_term_string\"}}],\"inLanguage\":\"en-US\"},{\"@type\":\"Organization\",\"@id\":\"https:\\\/\\\/shop.tutu.lt\\\/en\\\/#organization\",\"name\":\"TUTU ni\u0161ini\u0173 saldaini\u0173-objekt\u0173 gamybos studija\",\"url\":\"https:\\\/\\\/shop.tutu.lt\\\/en\\\/\",\"logo\":{\"@type\":\"ImageObject\",\"inLanguage\":\"en-US\",\"@id\":\"https:\\\/\\\/shop.tutu.lt\\\/en\\\/#\\\/schema\\\/logo\\\/image\\\/\",\"url\":\"https:\\\/\\\/shop.tutu.lt\\\/wp-content\\\/uploads\\\/2020\\\/06\\\/TUTUspot-LOGO_d_100.png\",\"contentUrl\":\"https:\\\/\\\/shop.tutu.lt\\\/wp-content\\\/uploads\\\/2020\\\/06\\\/TUTUspot-LOGO_d_100.png\",\"width\":46,\"height\":100,\"caption\":\"TUTU ni\u0161ini\u0173 saldaini\u0173-objekt\u0173 gamybos studija\"},\"image\":{\"@id\":\"https:\\\/\\\/shop.tutu.lt\\\/en\\\/#\\\/schema\\\/logo\\\/image\\\/\"}}]}<\/script>\n<!-- \/ Yoast SEO plugin. -->","yoast_head_json":{"title":"TUTUspot \"SPELLS OF HEAVEN\u201c fun game for kids lollipops","description":"TUTUspot \u201eSPELLS OF HEAVEN\u201c fun game for kids lollipops. Natural, handmade souvenirs, GMO & allergens free. Suitable for vegetarians tutu.lt.","robots":{"index":"index","follow":"follow","max-snippet":"max-snippet:-1","max-image-preview":"max-image-preview:large","max-video-preview":"max-video-preview:-1"},"canonical":"https:\/\/shop.tutu.lt\/en\/shop\/product\/tutuspot-mini-3-heaven-spells-original-fun-gift-kids-lollipop\/","og_locale":"en_US","og_type":"article","og_title":"TUTUspot \"SPELLS OF HEAVEN\u201c fun game for kids lollipops","og_description":"TUTUspot \u201eSPELLS OF HEAVEN\u201c fun game for kids lollipops. Natural, handmade souvenirs, GMO & allergens free. Suitable for vegetarians tutu.lt.","og_url":"https:\/\/shop.tutu.lt\/en\/shop\/product\/tutuspot-mini-3-heaven-spells-original-fun-gift-kids-lollipop\/","og_site_name":"Stylish TUTUspot lollipops | Eshop","article_modified_time":"2021-05-09T11:43:11+00:00","twitter_card":"summary_large_image","schema":{"@context":"https:\/\/schema.org","@graph":[{"@type":"WebPage","@id":"https:\/\/shop.tutu.lt\/en\/shop\/product\/tutuspot-mini-3-heaven-spells-original-fun-gift-kids-lollipop\/","url":"https:\/\/shop.tutu.lt\/en\/shop\/product\/tutuspot-mini-3-heaven-spells-original-fun-gift-kids-lollipop\/","name":"TUTUspot \"SPELLS OF HEAVEN\u201c fun game for kids lollipops","isPartOf":{"@id":"https:\/\/shop.tutu.lt\/en\/#website"},"primaryImageOfPage":{"@id":"https:\/\/shop.tutu.lt\/en\/shop\/product\/tutuspot-mini-3-heaven-spells-original-fun-gift-kids-lollipop\/#primaryimage"},"image":{"@id":"https:\/\/shop.tutu.lt\/en\/shop\/product\/tutuspot-mini-3-heaven-spells-original-fun-gift-kids-lollipop\/#primaryimage"},"thumbnailUrl":"https:\/\/shop.tutu.lt\/wp-content\/uploads\/2020\/10\/Untitled-design-3.jpg","datePublished":"2021-05-03T16:15:39+00:00","dateModified":"2021-05-09T11:43:11+00:00","description":"TUTUspot \u201eSPELLS OF HEAVEN\u201c fun game for kids lollipops. Natural, handmade souvenirs, GMO & allergens free. Suitable for vegetarians tutu.lt.","breadcrumb":{"@id":"https:\/\/shop.tutu.lt\/en\/shop\/product\/tutuspot-mini-3-heaven-spells-original-fun-gift-kids-lollipop\/#breadcrumb"},"inLanguage":"en-US","potentialAction":[{"@type":"ReadAction","target":["https:\/\/shop.tutu.lt\/en\/shop\/product\/tutuspot-mini-3-heaven-spells-original-fun-gift-kids-lollipop\/"]}]},{"@type":"ImageObject","inLanguage":"en-US","@id":"https:\/\/shop.tutu.lt\/en\/shop\/product\/tutuspot-mini-3-heaven-spells-original-fun-gift-kids-lollipop\/#primaryimage","url":"https:\/\/shop.tutu.lt\/wp-content\/uploads\/2020\/10\/Untitled-design-3.jpg","contentUrl":"https:\/\/shop.tutu.lt\/wp-content\/uploads\/2020\/10\/Untitled-design-3.jpg","width":900,"height":900,"caption":"TUTUspot \u201eMINI 3 DANGAUS BURTAI\u201c originali,linksma dovana vaikams ledinukai"},{"@type":"BreadcrumbList","@id":"https:\/\/shop.tutu.lt\/en\/shop\/product\/tutuspot-mini-3-heaven-spells-original-fun-gift-kids-lollipop\/#breadcrumb","itemListElement":[{"@type":"ListItem","position":1,"name":"Home","item":"https:\/\/shop.tutu.lt\/en\/"},{"@type":"ListItem","position":2,"name":"E- shop","item":"https:\/\/shop.tutu.lt\/en\/shop\/"},{"@type":"ListItem","position":3,"name":"TUTUspot \u201eMINI 3 SPELLS OF HEAVEN\u201c original, fun gift for kids lollipops"}]},{"@type":"WebSite","@id":"https:\/\/shop.tutu.lt\/en\/#website","url":"https:\/\/shop.tutu.lt\/en\/","name":"Stylish TUTUspot lollipops | Eshop","description":"Natural Lollipops online shop","publisher":{"@id":"https:\/\/shop.tutu.lt\/en\/#organization"},"potentialAction":[{"@type":"SearchAction","target":{"@type":"EntryPoint","urlTemplate":"https:\/\/shop.tutu.lt\/en\/?s={search_term_string}"},"query-input":{"@type":"PropertyValueSpecification","valueRequired":true,"valueName":"search_term_string"}}],"inLanguage":"en-US"},{"@type":"Organization","@id":"https:\/\/shop.tutu.lt\/en\/#organization","name":"TUTU ni\u0161ini\u0173 saldaini\u0173-objekt\u0173 gamybos studija","url":"https:\/\/shop.tutu.lt\/en\/","logo":{"@type":"ImageObject","inLanguage":"en-US","@id":"https:\/\/shop.tutu.lt\/en\/#\/schema\/logo\/image\/","url":"https:\/\/shop.tutu.lt\/wp-content\/uploads\/2020\/06\/TUTUspot-LOGO_d_100.png","contentUrl":"https:\/\/shop.tutu.lt\/wp-content\/uploads\/2020\/06\/TUTUspot-LOGO_d_100.png","width":46,"height":100,"caption":"TUTU ni\u0161ini\u0173 saldaini\u0173-objekt\u0173 gamybos studija"},"image":{"@id":"https:\/\/shop.tutu.lt\/en\/#\/schema\/logo\/image\/"}}]}},"_links":{"self":[{"href":"https:\/\/shop.tutu.lt\/en\/wp-json\/wp\/v2\/product\/6153","targetHints":{"allow":["GET"]}}],"collection":[{"href":"https:\/\/shop.tutu.lt\/en\/wp-json\/wp\/v2\/product"}],"about":[{"href":"https:\/\/shop.tutu.lt\/en\/wp-json\/wp\/v2\/types\/product"}],"wp:featuredmedia":[{"embeddable":true,"href":"https:\/\/shop.tutu.lt\/en\/wp-json\/wp\/v2\/media\/5286"}],"wp:attachment":[{"href":"https:\/\/shop.tutu.lt\/en\/wp-json\/wp\/v2\/media?parent=6153"}],"wp:term":[{"taxonomy":"product_brand","embeddable":true,"href":"https:\/\/shop.tutu.lt\/en\/wp-json\/wp\/v2\/product_brand?post=6153"},{"taxonomy":"product_cat","embeddable":true,"href":"https:\/\/shop.tutu.lt\/en\/wp-json\/wp\/v2\/product_cat?post=6153"},{"taxonomy":"product_tag","embeddable":true,"href":"https:\/\/shop.tutu.lt\/en\/wp-json\/wp\/v2\/product_tag?post=6153"}],"curies":[{"name":"wp","href":"https:\/\/api.w.org\/{rel}","templated":true}]}}