{"id":6184,"date":"2020-09-03T13:07:26","date_gmt":"2021-05-09T12:13:00","guid":{"rendered":"https:\/\/shop.tutu.lt\/elekronine-parduotuve\/produktas\/tutuspot-mini-3-obuolys-originali-valgoma-dovana-vaikams-naturalus-ledinukai\/"},"modified":"2021-05-09T12:18:31","modified_gmt":"2021-05-09T12:18:31","slug":"fresh-apple-candy-lollipop","status":"publish","type":"product","link":"https:\/\/shop.tutu.lt\/en\/shop\/product\/fresh-apple-candy-lollipop\/","title":{"rendered":"TUTUspot \u201eMINI 3 APPLE\u201c an original, natural edible gift for children lollipops"},"content":{"rendered":"<p><span data-sheets-value=\"{\" data-sheets-userformat=\"{\">TUTUspot \u201eMINI3 APPLE\u201c gift for kids lollipops. Natural, fun. Handmade gifts, GMO-free, allergen-free. Suitable for vegetarians. Edible sets.<\/span><\/p>\n<p><span data-sheets-value=\"{\" data-sheets-userformat=\"{\">MINI3 apple flavored candy gift set especially suitable for kids. Green light for childhood! With vitamin C.<span style=\"color: #ffffff;\">Sudedamosios dalys: gliukoz\u0117s sirupas, cukrus, r\u016bg\u0161tingum\u0105 reguliojanti med\u017eiaga: askorbo r\u016bg\u0161tis, chlorofilinas, nat. kvap. med\u017eiaga obuolys. Grynasis svoris 18 g. Maistin\u0117 vert\u0117 100 g\/ Energetin\u0117 vert\u0117 386 kcal \/1615 kj. Baltim\u0173 kiekis 0,1 g. Angliavandeni\u0173 kiekis 96,48 g, i\u0161 j\u0173 cukr\u0173 95,8 g. Riebal\u0173 kiekis 0 g, i\u0161 j\u0173 so\u010di\u0173j\u0173 riebal\u0173 r\u016bg\u0161\u010di\u0173 a&lt; 0,5 g. Skaidulini\u0173 med\u017eiag\u0173 kiekis a&lt;0,1 g. Natrio kiekis 0,136 g.<\/span><\/span><\/p>\n<p>&nbsp;<\/p>\n","protected":false},"excerpt":{"rendered":"<p>MINI3 apple flavored candy gift set especially suitable for kids. Green light for childhood! With&hellip;<\/p>\n","protected":false},"featured_media":5148,"template":"","meta":[],"product_brand":[],"product_cat":[169],"product_tag":[167,173,238,171],"class_list":{"0":"post-6184","1":"product","2":"type-product","3":"status-publish","4":"has-post-thumbnail","6":"product_cat-mini-three-wand-sticks","7":"product_tag-apple-flavor","8":"product_tag-for-children","9":"product_tag-green-en-2","10":"product_tag-mini-en","12":"first","13":"onbackorder","14":"taxable","15":"shipping-taxable","16":"purchasable","17":"product-type-simple","18":"thumb-no-effect","19":"prod-rating-off"},"yoast_head":"<!-- This site is optimized with the Yoast SEO plugin v27.4 - https:\/\/yoast.com\/product\/yoast-seo-wordpress\/ -->\n<title>TUTUspot \u201eMINI3 APPLE\u201c edible gift for kids lollipops. Natural, fun<\/title>\n<meta name=\"description\" content=\"TUTUspot \u201eMINI3 APPLE\u201c gift for kids lollipops. Natural, fun. Handmade gifts, GMO-free, allergen-free. Suitable for vegetarians. Edible sets\" \/>\n<meta name=\"robots\" content=\"index, follow, max-snippet:-1, max-image-preview:large, max-video-preview:-1\" \/>\n<link rel=\"canonical\" href=\"https:\/\/shop.tutu.lt\/en\/shop\/product\/fresh-apple-candy-lollipop\/\" \/>\n<meta property=\"og:locale\" content=\"en_US\" \/>\n<meta property=\"og:type\" content=\"article\" \/>\n<meta property=\"og:title\" content=\"TUTUspot \u201eMINI3 APPLE\u201c edible gift for kids lollipops. Natural, fun\" \/>\n<meta property=\"og:description\" content=\"TUTUspot \u201eMINI3 APPLE\u201c gift for kids lollipops. Natural, fun. Handmade gifts, GMO-free, allergen-free. Suitable for vegetarians. Edible sets\" \/>\n<meta property=\"og:url\" content=\"https:\/\/shop.tutu.lt\/en\/shop\/product\/fresh-apple-candy-lollipop\/\" \/>\n<meta property=\"og:site_name\" content=\"Stylish TUTUspot lollipops | Eshop\" \/>\n<meta property=\"article:modified_time\" content=\"2021-05-09T12:18:31+00:00\" \/>\n<meta name=\"twitter:card\" content=\"summary_large_image\" \/>\n<meta name=\"twitter:label1\" content=\"Est. reading time\" \/>\n\t<meta name=\"twitter:data1\" content=\"1 minute\" \/>\n<script type=\"application\/ld+json\" class=\"yoast-schema-graph\">{\"@context\":\"https:\\\/\\\/schema.org\",\"@graph\":[{\"@type\":\"WebPage\",\"@id\":\"https:\\\/\\\/shop.tutu.lt\\\/en\\\/shop\\\/product\\\/fresh-apple-candy-lollipop\\\/\",\"url\":\"https:\\\/\\\/shop.tutu.lt\\\/en\\\/shop\\\/product\\\/fresh-apple-candy-lollipop\\\/\",\"name\":\"TUTUspot \u201eMINI3 APPLE\u201c edible gift for kids lollipops. Natural, fun\",\"isPartOf\":{\"@id\":\"https:\\\/\\\/shop.tutu.lt\\\/en\\\/#website\"},\"primaryImageOfPage\":{\"@id\":\"https:\\\/\\\/shop.tutu.lt\\\/en\\\/shop\\\/product\\\/fresh-apple-candy-lollipop\\\/#primaryimage\"},\"image\":{\"@id\":\"https:\\\/\\\/shop.tutu.lt\\\/en\\\/shop\\\/product\\\/fresh-apple-candy-lollipop\\\/#primaryimage\"},\"thumbnailUrl\":\"https:\\\/\\\/shop.tutu.lt\\\/wp-content\\\/uploads\\\/2020\\\/09\\\/Untitled-design-37-1.jpg\",\"datePublished\":\"2021-05-09T12:13:00+00:00\",\"dateModified\":\"2021-05-09T12:18:31+00:00\",\"description\":\"TUTUspot \u201eMINI3 APPLE\u201c gift for kids lollipops. Natural, fun. Handmade gifts, GMO-free, allergen-free. Suitable for vegetarians. Edible sets\",\"breadcrumb\":{\"@id\":\"https:\\\/\\\/shop.tutu.lt\\\/en\\\/shop\\\/product\\\/fresh-apple-candy-lollipop\\\/#breadcrumb\"},\"inLanguage\":\"en-US\",\"potentialAction\":[{\"@type\":\"ReadAction\",\"target\":[\"https:\\\/\\\/shop.tutu.lt\\\/en\\\/shop\\\/product\\\/fresh-apple-candy-lollipop\\\/\"]}]},{\"@type\":\"ImageObject\",\"inLanguage\":\"en-US\",\"@id\":\"https:\\\/\\\/shop.tutu.lt\\\/en\\\/shop\\\/product\\\/fresh-apple-candy-lollipop\\\/#primaryimage\",\"url\":\"https:\\\/\\\/shop.tutu.lt\\\/wp-content\\\/uploads\\\/2020\\\/09\\\/Untitled-design-37-1.jpg\",\"contentUrl\":\"https:\\\/\\\/shop.tutu.lt\\\/wp-content\\\/uploads\\\/2020\\\/09\\\/Untitled-design-37-1.jpg\",\"width\":900,\"height\":900,\"caption\":\"TUTUspot \u201eMINI3 OBUOLYS\u201c dovana vaikams ledinukai. Nat\u016bral\u016bs,linksmi .Rank\u0173 darbo dovanos,be GMO,be alergen\u0173.Tinka vegetarams.Valgomi rinkiniai . Tutu.lt\"},{\"@type\":\"BreadcrumbList\",\"@id\":\"https:\\\/\\\/shop.tutu.lt\\\/en\\\/shop\\\/product\\\/fresh-apple-candy-lollipop\\\/#breadcrumb\",\"itemListElement\":[{\"@type\":\"ListItem\",\"position\":1,\"name\":\"Home\",\"item\":\"https:\\\/\\\/shop.tutu.lt\\\/en\\\/\"},{\"@type\":\"ListItem\",\"position\":2,\"name\":\"E- shop\",\"item\":\"https:\\\/\\\/shop.tutu.lt\\\/en\\\/shop\\\/\"},{\"@type\":\"ListItem\",\"position\":3,\"name\":\"TUTUspot \u201eMINI 3 APPLE\u201c an original, natural edible gift for children lollipops\"}]},{\"@type\":\"WebSite\",\"@id\":\"https:\\\/\\\/shop.tutu.lt\\\/en\\\/#website\",\"url\":\"https:\\\/\\\/shop.tutu.lt\\\/en\\\/\",\"name\":\"Stylish TUTUspot lollipops | Eshop\",\"description\":\"Natural Lollipops online shop\",\"publisher\":{\"@id\":\"https:\\\/\\\/shop.tutu.lt\\\/en\\\/#organization\"},\"potentialAction\":[{\"@type\":\"SearchAction\",\"target\":{\"@type\":\"EntryPoint\",\"urlTemplate\":\"https:\\\/\\\/shop.tutu.lt\\\/en\\\/?s={search_term_string}\"},\"query-input\":{\"@type\":\"PropertyValueSpecification\",\"valueRequired\":true,\"valueName\":\"search_term_string\"}}],\"inLanguage\":\"en-US\"},{\"@type\":\"Organization\",\"@id\":\"https:\\\/\\\/shop.tutu.lt\\\/en\\\/#organization\",\"name\":\"TUTU ni\u0161ini\u0173 saldaini\u0173-objekt\u0173 gamybos studija\",\"url\":\"https:\\\/\\\/shop.tutu.lt\\\/en\\\/\",\"logo\":{\"@type\":\"ImageObject\",\"inLanguage\":\"en-US\",\"@id\":\"https:\\\/\\\/shop.tutu.lt\\\/en\\\/#\\\/schema\\\/logo\\\/image\\\/\",\"url\":\"https:\\\/\\\/shop.tutu.lt\\\/wp-content\\\/uploads\\\/2020\\\/06\\\/TUTUspot-LOGO_d_100.png\",\"contentUrl\":\"https:\\\/\\\/shop.tutu.lt\\\/wp-content\\\/uploads\\\/2020\\\/06\\\/TUTUspot-LOGO_d_100.png\",\"width\":46,\"height\":100,\"caption\":\"TUTU ni\u0161ini\u0173 saldaini\u0173-objekt\u0173 gamybos studija\"},\"image\":{\"@id\":\"https:\\\/\\\/shop.tutu.lt\\\/en\\\/#\\\/schema\\\/logo\\\/image\\\/\"}}]}<\/script>\n<!-- \/ Yoast SEO plugin. -->","yoast_head_json":{"title":"TUTUspot \u201eMINI3 APPLE\u201c edible gift for kids lollipops. Natural, fun","description":"TUTUspot \u201eMINI3 APPLE\u201c gift for kids lollipops. Natural, fun. Handmade gifts, GMO-free, allergen-free. Suitable for vegetarians. Edible sets","robots":{"index":"index","follow":"follow","max-snippet":"max-snippet:-1","max-image-preview":"max-image-preview:large","max-video-preview":"max-video-preview:-1"},"canonical":"https:\/\/shop.tutu.lt\/en\/shop\/product\/fresh-apple-candy-lollipop\/","og_locale":"en_US","og_type":"article","og_title":"TUTUspot \u201eMINI3 APPLE\u201c edible gift for kids lollipops. Natural, fun","og_description":"TUTUspot \u201eMINI3 APPLE\u201c gift for kids lollipops. Natural, fun. Handmade gifts, GMO-free, allergen-free. Suitable for vegetarians. Edible sets","og_url":"https:\/\/shop.tutu.lt\/en\/shop\/product\/fresh-apple-candy-lollipop\/","og_site_name":"Stylish TUTUspot lollipops | Eshop","article_modified_time":"2021-05-09T12:18:31+00:00","twitter_card":"summary_large_image","twitter_misc":{"Est. reading time":"1 minute"},"schema":{"@context":"https:\/\/schema.org","@graph":[{"@type":"WebPage","@id":"https:\/\/shop.tutu.lt\/en\/shop\/product\/fresh-apple-candy-lollipop\/","url":"https:\/\/shop.tutu.lt\/en\/shop\/product\/fresh-apple-candy-lollipop\/","name":"TUTUspot \u201eMINI3 APPLE\u201c edible gift for kids lollipops. Natural, fun","isPartOf":{"@id":"https:\/\/shop.tutu.lt\/en\/#website"},"primaryImageOfPage":{"@id":"https:\/\/shop.tutu.lt\/en\/shop\/product\/fresh-apple-candy-lollipop\/#primaryimage"},"image":{"@id":"https:\/\/shop.tutu.lt\/en\/shop\/product\/fresh-apple-candy-lollipop\/#primaryimage"},"thumbnailUrl":"https:\/\/shop.tutu.lt\/wp-content\/uploads\/2020\/09\/Untitled-design-37-1.jpg","datePublished":"2021-05-09T12:13:00+00:00","dateModified":"2021-05-09T12:18:31+00:00","description":"TUTUspot \u201eMINI3 APPLE\u201c gift for kids lollipops. Natural, fun. Handmade gifts, GMO-free, allergen-free. Suitable for vegetarians. Edible sets","breadcrumb":{"@id":"https:\/\/shop.tutu.lt\/en\/shop\/product\/fresh-apple-candy-lollipop\/#breadcrumb"},"inLanguage":"en-US","potentialAction":[{"@type":"ReadAction","target":["https:\/\/shop.tutu.lt\/en\/shop\/product\/fresh-apple-candy-lollipop\/"]}]},{"@type":"ImageObject","inLanguage":"en-US","@id":"https:\/\/shop.tutu.lt\/en\/shop\/product\/fresh-apple-candy-lollipop\/#primaryimage","url":"https:\/\/shop.tutu.lt\/wp-content\/uploads\/2020\/09\/Untitled-design-37-1.jpg","contentUrl":"https:\/\/shop.tutu.lt\/wp-content\/uploads\/2020\/09\/Untitled-design-37-1.jpg","width":900,"height":900,"caption":"TUTUspot \u201eMINI3 OBUOLYS\u201c dovana vaikams ledinukai. Nat\u016bral\u016bs,linksmi .Rank\u0173 darbo dovanos,be GMO,be alergen\u0173.Tinka vegetarams.Valgomi rinkiniai . Tutu.lt"},{"@type":"BreadcrumbList","@id":"https:\/\/shop.tutu.lt\/en\/shop\/product\/fresh-apple-candy-lollipop\/#breadcrumb","itemListElement":[{"@type":"ListItem","position":1,"name":"Home","item":"https:\/\/shop.tutu.lt\/en\/"},{"@type":"ListItem","position":2,"name":"E- shop","item":"https:\/\/shop.tutu.lt\/en\/shop\/"},{"@type":"ListItem","position":3,"name":"TUTUspot \u201eMINI 3 APPLE\u201c an original, natural edible gift for children lollipops"}]},{"@type":"WebSite","@id":"https:\/\/shop.tutu.lt\/en\/#website","url":"https:\/\/shop.tutu.lt\/en\/","name":"Stylish TUTUspot lollipops | Eshop","description":"Natural Lollipops online shop","publisher":{"@id":"https:\/\/shop.tutu.lt\/en\/#organization"},"potentialAction":[{"@type":"SearchAction","target":{"@type":"EntryPoint","urlTemplate":"https:\/\/shop.tutu.lt\/en\/?s={search_term_string}"},"query-input":{"@type":"PropertyValueSpecification","valueRequired":true,"valueName":"search_term_string"}}],"inLanguage":"en-US"},{"@type":"Organization","@id":"https:\/\/shop.tutu.lt\/en\/#organization","name":"TUTU ni\u0161ini\u0173 saldaini\u0173-objekt\u0173 gamybos studija","url":"https:\/\/shop.tutu.lt\/en\/","logo":{"@type":"ImageObject","inLanguage":"en-US","@id":"https:\/\/shop.tutu.lt\/en\/#\/schema\/logo\/image\/","url":"https:\/\/shop.tutu.lt\/wp-content\/uploads\/2020\/06\/TUTUspot-LOGO_d_100.png","contentUrl":"https:\/\/shop.tutu.lt\/wp-content\/uploads\/2020\/06\/TUTUspot-LOGO_d_100.png","width":46,"height":100,"caption":"TUTU ni\u0161ini\u0173 saldaini\u0173-objekt\u0173 gamybos studija"},"image":{"@id":"https:\/\/shop.tutu.lt\/en\/#\/schema\/logo\/image\/"}}]}},"_links":{"self":[{"href":"https:\/\/shop.tutu.lt\/en\/wp-json\/wp\/v2\/product\/6184","targetHints":{"allow":["GET"]}}],"collection":[{"href":"https:\/\/shop.tutu.lt\/en\/wp-json\/wp\/v2\/product"}],"about":[{"href":"https:\/\/shop.tutu.lt\/en\/wp-json\/wp\/v2\/types\/product"}],"wp:featuredmedia":[{"embeddable":true,"href":"https:\/\/shop.tutu.lt\/en\/wp-json\/wp\/v2\/media\/5148"}],"wp:attachment":[{"href":"https:\/\/shop.tutu.lt\/en\/wp-json\/wp\/v2\/media?parent=6184"}],"wp:term":[{"taxonomy":"product_brand","embeddable":true,"href":"https:\/\/shop.tutu.lt\/en\/wp-json\/wp\/v2\/product_brand?post=6184"},{"taxonomy":"product_cat","embeddable":true,"href":"https:\/\/shop.tutu.lt\/en\/wp-json\/wp\/v2\/product_cat?post=6184"},{"taxonomy":"product_tag","embeddable":true,"href":"https:\/\/shop.tutu.lt\/en\/wp-json\/wp\/v2\/product_tag?post=6184"}],"curies":[{"name":"wp","href":"https:\/\/api.w.org\/{rel}","templated":true}]}}