{"id":6186,"date":"2020-09-03T12:27:22","date_gmt":"2021-05-09T12:24:42","guid":{"rendered":"https:\/\/shop.tutu.lt\/elekronine-parduotuve\/produktas\/tutuspot-prieskoniu-egle-stilinga-gurmaniska-kaledine-dovana-ledinukas\/"},"modified":"2022-06-08T15:53:20","modified_gmt":"2022-06-08T15:53:20","slug":"spruce-green-candy-lollipop","status":"publish","type":"product","link":"https:\/\/shop.tutu.lt\/en\/shop\/product\/spruce-green-candy-lollipop\/","title":{"rendered":"TUTUspot &#8220;SPICY TREE\u201c &#8211; stylish, gourmet, crazy gift lollipop"},"content":{"rendered":"<p>&nbsp;<\/p>\n<p><span id=\"\" data-sheets-value=\"{\" data-sheets-userformat=\"{\">TUTUspot &#8220;Forest games&#8221; edible gift mulled wine taste (Christmas spices). Natural, handmade souvenirs, GMO-free, allergen-free. Christmas present.<\/span><\/p>\n<p><span id=\"\" data-sheets-value=\"{\" data-sheets-userformat=\"{\">&#8220;Forest games&#8221; Christmas drink flavored caramel gift candy. Design &#8211; green triangle with holes. The idea is a green spruce. With vitamin C.<\/span><\/p>\n","protected":false},"excerpt":{"rendered":"<p>&#8220;Forest games&#8221; Christmas drink flavored caramel gift candy. Design &#8211; green triangle with holes. The&hellip;<\/p>\n","protected":false},"featured_media":5331,"template":"","meta":[],"product_brand":[],"product_cat":[239,247],"product_tag":[238],"class_list":{"0":"post-6186","1":"product","2":"type-product","3":"status-publish","4":"has-post-thumbnail","6":"product_cat-for-special-occasions-themed","7":"product_cat-forest-games","8":"product_tag-green-en-2","10":"first","11":"onbackorder","12":"taxable","13":"shipping-taxable","14":"purchasable","15":"product-type-simple","16":"thumb-has-effect","17":"prod-rating-off"},"yoast_head":"<!-- This site is optimized with the Yoast SEO plugin v27.5 - https:\/\/yoast.com\/product\/yoast-seo-wordpress\/ -->\n<title>TUTUspot &quot;SPICY TREE&quot; edible gift Spruce, Christmas spices. Handmade<\/title>\n<meta name=\"description\" content=\"TUTUspot &quot;SPICY TREE&quot; edible gift Spruce (Christmas spices). Natural, handmade souvenirs, GMO-free, allergen-free. Christmas present.\" \/>\n<meta name=\"robots\" content=\"index, follow, max-snippet:-1, max-image-preview:large, max-video-preview:-1\" \/>\n<link rel=\"canonical\" href=\"https:\/\/shop.tutu.lt\/en\/shop\/product\/spruce-green-candy-lollipop\/\" \/>\n<meta property=\"og:locale\" content=\"en_US\" \/>\n<meta property=\"og:type\" content=\"article\" \/>\n<meta property=\"og:title\" content=\"TUTUspot &quot;SPICY TREE&quot; edible gift Spruce, Christmas spices. Handmade\" \/>\n<meta property=\"og:description\" content=\"TUTUspot &quot;SPICY TREE&quot; edible gift Spruce (Christmas spices). Natural, handmade souvenirs, GMO-free, allergen-free. Christmas present.\" \/>\n<meta property=\"og:url\" content=\"https:\/\/shop.tutu.lt\/en\/shop\/product\/spruce-green-candy-lollipop\/\" \/>\n<meta property=\"og:site_name\" content=\"Stylish TUTUspot lollipops | Eshop\" \/>\n<meta property=\"article:modified_time\" content=\"2022-06-08T15:53:20+00:00\" \/>\n<meta property=\"og:image\" content=\"https:\/\/shop.tutu.lt\/wp-content\/uploads\/2020\/09\/Untitled-design-25.jpg\" \/>\n\t<meta property=\"og:image:width\" content=\"900\" \/>\n\t<meta property=\"og:image:height\" content=\"900\" \/>\n\t<meta property=\"og:image:type\" content=\"image\/jpeg\" \/>\n<meta name=\"twitter:card\" content=\"summary_large_image\" \/>\n<meta name=\"twitter:label1\" content=\"Est. reading time\" \/>\n\t<meta name=\"twitter:data1\" content=\"1 minute\" \/>\n<script type=\"application\/ld+json\" class=\"yoast-schema-graph\">{\"@context\":\"https:\\\/\\\/schema.org\",\"@graph\":[{\"@type\":\"WebPage\",\"@id\":\"https:\\\/\\\/shop.tutu.lt\\\/en\\\/shop\\\/product\\\/spruce-green-candy-lollipop\\\/\",\"url\":\"https:\\\/\\\/shop.tutu.lt\\\/en\\\/shop\\\/product\\\/spruce-green-candy-lollipop\\\/\",\"name\":\"TUTUspot \\\"SPICY TREE\\\" edible gift Spruce, Christmas spices. Handmade\",\"isPartOf\":{\"@id\":\"https:\\\/\\\/shop.tutu.lt\\\/en\\\/#website\"},\"primaryImageOfPage\":{\"@id\":\"https:\\\/\\\/shop.tutu.lt\\\/en\\\/shop\\\/product\\\/spruce-green-candy-lollipop\\\/#primaryimage\"},\"image\":{\"@id\":\"https:\\\/\\\/shop.tutu.lt\\\/en\\\/shop\\\/product\\\/spruce-green-candy-lollipop\\\/#primaryimage\"},\"thumbnailUrl\":\"https:\\\/\\\/shop.tutu.lt\\\/wp-content\\\/uploads\\\/2020\\\/09\\\/Untitled-design-25.jpg\",\"datePublished\":\"2021-05-09T12:24:42+00:00\",\"dateModified\":\"2022-06-08T15:53:20+00:00\",\"description\":\"TUTUspot \\\"SPICY TREE\\\" edible gift Spruce (Christmas spices). Natural, handmade souvenirs, GMO-free, allergen-free. Christmas present.\",\"breadcrumb\":{\"@id\":\"https:\\\/\\\/shop.tutu.lt\\\/en\\\/shop\\\/product\\\/spruce-green-candy-lollipop\\\/#breadcrumb\"},\"inLanguage\":\"en-US\",\"potentialAction\":[{\"@type\":\"ReadAction\",\"target\":[\"https:\\\/\\\/shop.tutu.lt\\\/en\\\/shop\\\/product\\\/spruce-green-candy-lollipop\\\/\"]}]},{\"@type\":\"ImageObject\",\"inLanguage\":\"en-US\",\"@id\":\"https:\\\/\\\/shop.tutu.lt\\\/en\\\/shop\\\/product\\\/spruce-green-candy-lollipop\\\/#primaryimage\",\"url\":\"https:\\\/\\\/shop.tutu.lt\\\/wp-content\\\/uploads\\\/2020\\\/09\\\/Untitled-design-25.jpg\",\"contentUrl\":\"https:\\\/\\\/shop.tutu.lt\\\/wp-content\\\/uploads\\\/2020\\\/09\\\/Untitled-design-25.jpg\",\"width\":900,\"height\":900,\"caption\":\"TUTUspot \\\"Mi\u0161ko \u017eaidimai\\\" valgoma dovana Egl\u0117. (Kal\u0117diniai prieskoniai).Nat\u016bral\u016bs,rank\u0173 darbo suvenyrai,be GMO,be alergen\u0173. Kal\u0117din\u0117 dovana\"},{\"@type\":\"BreadcrumbList\",\"@id\":\"https:\\\/\\\/shop.tutu.lt\\\/en\\\/shop\\\/product\\\/spruce-green-candy-lollipop\\\/#breadcrumb\",\"itemListElement\":[{\"@type\":\"ListItem\",\"position\":1,\"name\":\"Home\",\"item\":\"https:\\\/\\\/shop.tutu.lt\\\/en\\\/\"},{\"@type\":\"ListItem\",\"position\":2,\"name\":\"E- shop\",\"item\":\"https:\\\/\\\/shop.tutu.lt\\\/en\\\/shop\\\/\"},{\"@type\":\"ListItem\",\"position\":3,\"name\":\"TUTUspot &#8222;SPICY TREE\u201c &#8211; stylish, gourmet, crazy gift lollipop\"}]},{\"@type\":\"WebSite\",\"@id\":\"https:\\\/\\\/shop.tutu.lt\\\/en\\\/#website\",\"url\":\"https:\\\/\\\/shop.tutu.lt\\\/en\\\/\",\"name\":\"Stylish TUTUspot lollipops | Eshop\",\"description\":\"Natural Lollipops online shop\",\"publisher\":{\"@id\":\"https:\\\/\\\/shop.tutu.lt\\\/en\\\/#organization\"},\"potentialAction\":[{\"@type\":\"SearchAction\",\"target\":{\"@type\":\"EntryPoint\",\"urlTemplate\":\"https:\\\/\\\/shop.tutu.lt\\\/en\\\/?s={search_term_string}\"},\"query-input\":{\"@type\":\"PropertyValueSpecification\",\"valueRequired\":true,\"valueName\":\"search_term_string\"}}],\"inLanguage\":\"en-US\"},{\"@type\":\"Organization\",\"@id\":\"https:\\\/\\\/shop.tutu.lt\\\/en\\\/#organization\",\"name\":\"TUTU ni\u0161ini\u0173 saldaini\u0173-objekt\u0173 gamybos studija\",\"url\":\"https:\\\/\\\/shop.tutu.lt\\\/en\\\/\",\"logo\":{\"@type\":\"ImageObject\",\"inLanguage\":\"en-US\",\"@id\":\"https:\\\/\\\/shop.tutu.lt\\\/en\\\/#\\\/schema\\\/logo\\\/image\\\/\",\"url\":\"https:\\\/\\\/shop.tutu.lt\\\/wp-content\\\/uploads\\\/2020\\\/06\\\/TUTUspot-LOGO_d_100.png\",\"contentUrl\":\"https:\\\/\\\/shop.tutu.lt\\\/wp-content\\\/uploads\\\/2020\\\/06\\\/TUTUspot-LOGO_d_100.png\",\"width\":46,\"height\":100,\"caption\":\"TUTU ni\u0161ini\u0173 saldaini\u0173-objekt\u0173 gamybos studija\"},\"image\":{\"@id\":\"https:\\\/\\\/shop.tutu.lt\\\/en\\\/#\\\/schema\\\/logo\\\/image\\\/\"}}]}<\/script>\n<!-- \/ Yoast SEO plugin. -->","yoast_head_json":{"title":"TUTUspot \"SPICY TREE\" edible gift Spruce, Christmas spices. Handmade","description":"TUTUspot \"SPICY TREE\" edible gift Spruce (Christmas spices). Natural, handmade souvenirs, GMO-free, allergen-free. Christmas present.","robots":{"index":"index","follow":"follow","max-snippet":"max-snippet:-1","max-image-preview":"max-image-preview:large","max-video-preview":"max-video-preview:-1"},"canonical":"https:\/\/shop.tutu.lt\/en\/shop\/product\/spruce-green-candy-lollipop\/","og_locale":"en_US","og_type":"article","og_title":"TUTUspot \"SPICY TREE\" edible gift Spruce, Christmas spices. Handmade","og_description":"TUTUspot \"SPICY TREE\" edible gift Spruce (Christmas spices). Natural, handmade souvenirs, GMO-free, allergen-free. Christmas present.","og_url":"https:\/\/shop.tutu.lt\/en\/shop\/product\/spruce-green-candy-lollipop\/","og_site_name":"Stylish TUTUspot lollipops | Eshop","article_modified_time":"2022-06-08T15:53:20+00:00","og_image":[{"width":900,"height":900,"url":"https:\/\/shop.tutu.lt\/wp-content\/uploads\/2020\/09\/Untitled-design-25.jpg","type":"image\/jpeg"}],"twitter_card":"summary_large_image","twitter_misc":{"Est. reading time":"1 minute"},"schema":{"@context":"https:\/\/schema.org","@graph":[{"@type":"WebPage","@id":"https:\/\/shop.tutu.lt\/en\/shop\/product\/spruce-green-candy-lollipop\/","url":"https:\/\/shop.tutu.lt\/en\/shop\/product\/spruce-green-candy-lollipop\/","name":"TUTUspot \"SPICY TREE\" edible gift Spruce, Christmas spices. Handmade","isPartOf":{"@id":"https:\/\/shop.tutu.lt\/en\/#website"},"primaryImageOfPage":{"@id":"https:\/\/shop.tutu.lt\/en\/shop\/product\/spruce-green-candy-lollipop\/#primaryimage"},"image":{"@id":"https:\/\/shop.tutu.lt\/en\/shop\/product\/spruce-green-candy-lollipop\/#primaryimage"},"thumbnailUrl":"https:\/\/shop.tutu.lt\/wp-content\/uploads\/2020\/09\/Untitled-design-25.jpg","datePublished":"2021-05-09T12:24:42+00:00","dateModified":"2022-06-08T15:53:20+00:00","description":"TUTUspot \"SPICY TREE\" edible gift Spruce (Christmas spices). Natural, handmade souvenirs, GMO-free, allergen-free. Christmas present.","breadcrumb":{"@id":"https:\/\/shop.tutu.lt\/en\/shop\/product\/spruce-green-candy-lollipop\/#breadcrumb"},"inLanguage":"en-US","potentialAction":[{"@type":"ReadAction","target":["https:\/\/shop.tutu.lt\/en\/shop\/product\/spruce-green-candy-lollipop\/"]}]},{"@type":"ImageObject","inLanguage":"en-US","@id":"https:\/\/shop.tutu.lt\/en\/shop\/product\/spruce-green-candy-lollipop\/#primaryimage","url":"https:\/\/shop.tutu.lt\/wp-content\/uploads\/2020\/09\/Untitled-design-25.jpg","contentUrl":"https:\/\/shop.tutu.lt\/wp-content\/uploads\/2020\/09\/Untitled-design-25.jpg","width":900,"height":900,"caption":"TUTUspot \"Mi\u0161ko \u017eaidimai\" valgoma dovana Egl\u0117. (Kal\u0117diniai prieskoniai).Nat\u016bral\u016bs,rank\u0173 darbo suvenyrai,be GMO,be alergen\u0173. Kal\u0117din\u0117 dovana"},{"@type":"BreadcrumbList","@id":"https:\/\/shop.tutu.lt\/en\/shop\/product\/spruce-green-candy-lollipop\/#breadcrumb","itemListElement":[{"@type":"ListItem","position":1,"name":"Home","item":"https:\/\/shop.tutu.lt\/en\/"},{"@type":"ListItem","position":2,"name":"E- shop","item":"https:\/\/shop.tutu.lt\/en\/shop\/"},{"@type":"ListItem","position":3,"name":"TUTUspot &#8222;SPICY TREE\u201c &#8211; stylish, gourmet, crazy gift lollipop"}]},{"@type":"WebSite","@id":"https:\/\/shop.tutu.lt\/en\/#website","url":"https:\/\/shop.tutu.lt\/en\/","name":"Stylish TUTUspot lollipops | Eshop","description":"Natural Lollipops online shop","publisher":{"@id":"https:\/\/shop.tutu.lt\/en\/#organization"},"potentialAction":[{"@type":"SearchAction","target":{"@type":"EntryPoint","urlTemplate":"https:\/\/shop.tutu.lt\/en\/?s={search_term_string}"},"query-input":{"@type":"PropertyValueSpecification","valueRequired":true,"valueName":"search_term_string"}}],"inLanguage":"en-US"},{"@type":"Organization","@id":"https:\/\/shop.tutu.lt\/en\/#organization","name":"TUTU ni\u0161ini\u0173 saldaini\u0173-objekt\u0173 gamybos studija","url":"https:\/\/shop.tutu.lt\/en\/","logo":{"@type":"ImageObject","inLanguage":"en-US","@id":"https:\/\/shop.tutu.lt\/en\/#\/schema\/logo\/image\/","url":"https:\/\/shop.tutu.lt\/wp-content\/uploads\/2020\/06\/TUTUspot-LOGO_d_100.png","contentUrl":"https:\/\/shop.tutu.lt\/wp-content\/uploads\/2020\/06\/TUTUspot-LOGO_d_100.png","width":46,"height":100,"caption":"TUTU ni\u0161ini\u0173 saldaini\u0173-objekt\u0173 gamybos studija"},"image":{"@id":"https:\/\/shop.tutu.lt\/en\/#\/schema\/logo\/image\/"}}]}},"_links":{"self":[{"href":"https:\/\/shop.tutu.lt\/en\/wp-json\/wp\/v2\/product\/6186","targetHints":{"allow":["GET"]}}],"collection":[{"href":"https:\/\/shop.tutu.lt\/en\/wp-json\/wp\/v2\/product"}],"about":[{"href":"https:\/\/shop.tutu.lt\/en\/wp-json\/wp\/v2\/types\/product"}],"wp:featuredmedia":[{"embeddable":true,"href":"https:\/\/shop.tutu.lt\/en\/wp-json\/wp\/v2\/media\/5331"}],"wp:attachment":[{"href":"https:\/\/shop.tutu.lt\/en\/wp-json\/wp\/v2\/media?parent=6186"}],"wp:term":[{"taxonomy":"product_brand","embeddable":true,"href":"https:\/\/shop.tutu.lt\/en\/wp-json\/wp\/v2\/product_brand?post=6186"},{"taxonomy":"product_cat","embeddable":true,"href":"https:\/\/shop.tutu.lt\/en\/wp-json\/wp\/v2\/product_cat?post=6186"},{"taxonomy":"product_tag","embeddable":true,"href":"https:\/\/shop.tutu.lt\/en\/wp-json\/wp\/v2\/product_tag?post=6186"}],"curies":[{"name":"wp","href":"https:\/\/api.w.org\/{rel}","templated":true}]}}