{"id":6193,"date":"2020-09-03T11:56:58","date_gmt":"2021-05-09T12:51:47","guid":{"rendered":"https:\/\/shop.tutu.lt\/elekronine-parduotuve\/produktas\/tutuspot-vysniu-taskas-stilinga-gurmaniska-dovana-ledinukas\/"},"modified":"2022-06-08T16:22:12","modified_gmt":"2022-06-08T16:22:12","slug":"round-cinnamon-candy-lollipop","status":"publish","type":"product","link":"https:\/\/shop.tutu.lt\/en\/shop\/product\/round-cinnamon-candy-lollipop\/","title":{"rendered":"TUTUspot &#8220;FULL MOON\u201c &#8211; stylish, gourmet, gift lollipop"},"content":{"rendered":"<p>TUTUspot &#8220;CHERRY FULL MOON\u201c round cherry-flavored candy lollipop. Natural, handmade, GMO-free, allergen-free. Unexpected lollipop shapes. Niche candy-studio for edible object productions. tutu.lt<\/p>\n","protected":false},"excerpt":{"rendered":"<p>&nbsp;<\/p>\n","protected":false},"featured_media":6120,"template":"","meta":[],"product_brand":[],"product_cat":[247],"product_tag":[216],"class_list":{"0":"post-6193","1":"product","2":"type-product","3":"status-publish","4":"has-post-thumbnail","6":"product_cat-forest-games","7":"product_tag-cherry-flavor-en","9":"first","10":"onbackorder","11":"taxable","12":"shipping-taxable","13":"purchasable","14":"product-type-simple","15":"thumb-has-effect","16":"prod-rating-off"},"yoast_head":"<!-- This site is optimized with the Yoast SEO plugin v27.4 - https:\/\/yoast.com\/product\/yoast-seo-wordpress\/ -->\n<title>CHERRY FULL MOON design lollipop |Niche edibles design studio | tutu.lt<\/title>\n<meta name=\"description\" content=\"CHERRY FULL MOON design lollipop . Natural, handmade, GMO-free, allergen-free. Unexpected lollipop shapes. Niche candy.Tutu.lt\" \/>\n<meta name=\"robots\" content=\"index, follow, max-snippet:-1, max-image-preview:large, max-video-preview:-1\" \/>\n<link rel=\"canonical\" href=\"https:\/\/shop.tutu.lt\/en\/shop\/product\/round-cinnamon-candy-lollipop\/\" \/>\n<meta property=\"og:locale\" content=\"en_US\" \/>\n<meta property=\"og:type\" content=\"article\" \/>\n<meta property=\"og:title\" content=\"CHERRY FULL MOON design lollipop |Niche edibles design studio | tutu.lt\" \/>\n<meta property=\"og:description\" content=\"CHERRY FULL MOON design lollipop . Natural, handmade, GMO-free, allergen-free. Unexpected lollipop shapes. Niche candy.Tutu.lt\" \/>\n<meta property=\"og:url\" content=\"https:\/\/shop.tutu.lt\/en\/shop\/product\/round-cinnamon-candy-lollipop\/\" \/>\n<meta property=\"og:site_name\" content=\"Stylish TUTUspot lollipops | Eshop\" \/>\n<meta property=\"article:modified_time\" content=\"2022-06-08T16:22:12+00:00\" \/>\n<meta property=\"og:image\" content=\"https:\/\/shop.tutu.lt\/wp-content\/uploads\/2020\/09\/Untitled-design-29.jpg\" \/>\n\t<meta property=\"og:image:width\" content=\"900\" \/>\n\t<meta property=\"og:image:height\" content=\"900\" \/>\n\t<meta property=\"og:image:type\" content=\"image\/jpeg\" \/>\n<meta name=\"twitter:card\" content=\"summary_large_image\" \/>\n<meta name=\"twitter:label1\" content=\"Est. reading time\" \/>\n\t<meta name=\"twitter:data1\" content=\"1 minute\" \/>\n<script type=\"application\/ld+json\" class=\"yoast-schema-graph\">{\"@context\":\"https:\\\/\\\/schema.org\",\"@graph\":[{\"@type\":\"WebPage\",\"@id\":\"https:\\\/\\\/shop.tutu.lt\\\/en\\\/shop\\\/product\\\/round-cinnamon-candy-lollipop\\\/\",\"url\":\"https:\\\/\\\/shop.tutu.lt\\\/en\\\/shop\\\/product\\\/round-cinnamon-candy-lollipop\\\/\",\"name\":\"CHERRY FULL MOON design lollipop |Niche edibles design studio | tutu.lt\",\"isPartOf\":{\"@id\":\"https:\\\/\\\/shop.tutu.lt\\\/en\\\/#website\"},\"primaryImageOfPage\":{\"@id\":\"https:\\\/\\\/shop.tutu.lt\\\/en\\\/shop\\\/product\\\/round-cinnamon-candy-lollipop\\\/#primaryimage\"},\"image\":{\"@id\":\"https:\\\/\\\/shop.tutu.lt\\\/en\\\/shop\\\/product\\\/round-cinnamon-candy-lollipop\\\/#primaryimage\"},\"thumbnailUrl\":\"https:\\\/\\\/shop.tutu.lt\\\/wp-content\\\/uploads\\\/2020\\\/09\\\/Untitled-design-29.jpg\",\"datePublished\":\"2021-05-09T12:51:47+00:00\",\"dateModified\":\"2022-06-08T16:22:12+00:00\",\"description\":\"CHERRY FULL MOON design lollipop . Natural, handmade, GMO-free, allergen-free. Unexpected lollipop shapes. Niche candy.Tutu.lt\",\"breadcrumb\":{\"@id\":\"https:\\\/\\\/shop.tutu.lt\\\/en\\\/shop\\\/product\\\/round-cinnamon-candy-lollipop\\\/#breadcrumb\"},\"inLanguage\":\"en-US\",\"potentialAction\":[{\"@type\":\"ReadAction\",\"target\":[\"https:\\\/\\\/shop.tutu.lt\\\/en\\\/shop\\\/product\\\/round-cinnamon-candy-lollipop\\\/\"]}]},{\"@type\":\"ImageObject\",\"inLanguage\":\"en-US\",\"@id\":\"https:\\\/\\\/shop.tutu.lt\\\/en\\\/shop\\\/product\\\/round-cinnamon-candy-lollipop\\\/#primaryimage\",\"url\":\"https:\\\/\\\/shop.tutu.lt\\\/wp-content\\\/uploads\\\/2020\\\/09\\\/Untitled-design-29.jpg\",\"contentUrl\":\"https:\\\/\\\/shop.tutu.lt\\\/wp-content\\\/uploads\\\/2020\\\/09\\\/Untitled-design-29.jpg\",\"width\":900,\"height\":900,\"caption\":\"Apvalus cinamoninis-saldainis ledinukas. Tutu.lt\"},{\"@type\":\"BreadcrumbList\",\"@id\":\"https:\\\/\\\/shop.tutu.lt\\\/en\\\/shop\\\/product\\\/round-cinnamon-candy-lollipop\\\/#breadcrumb\",\"itemListElement\":[{\"@type\":\"ListItem\",\"position\":1,\"name\":\"Home\",\"item\":\"https:\\\/\\\/shop.tutu.lt\\\/en\\\/\"},{\"@type\":\"ListItem\",\"position\":2,\"name\":\"E- shop\",\"item\":\"https:\\\/\\\/shop.tutu.lt\\\/en\\\/shop\\\/\"},{\"@type\":\"ListItem\",\"position\":3,\"name\":\"TUTUspot &#8222;FULL MOON\u201c &#8211; stylish, gourmet, gift lollipop\"}]},{\"@type\":\"WebSite\",\"@id\":\"https:\\\/\\\/shop.tutu.lt\\\/en\\\/#website\",\"url\":\"https:\\\/\\\/shop.tutu.lt\\\/en\\\/\",\"name\":\"Stylish TUTUspot lollipops | Eshop\",\"description\":\"Natural Lollipops online shop\",\"publisher\":{\"@id\":\"https:\\\/\\\/shop.tutu.lt\\\/en\\\/#organization\"},\"potentialAction\":[{\"@type\":\"SearchAction\",\"target\":{\"@type\":\"EntryPoint\",\"urlTemplate\":\"https:\\\/\\\/shop.tutu.lt\\\/en\\\/?s={search_term_string}\"},\"query-input\":{\"@type\":\"PropertyValueSpecification\",\"valueRequired\":true,\"valueName\":\"search_term_string\"}}],\"inLanguage\":\"en-US\"},{\"@type\":\"Organization\",\"@id\":\"https:\\\/\\\/shop.tutu.lt\\\/en\\\/#organization\",\"name\":\"TUTU ni\u0161ini\u0173 saldaini\u0173-objekt\u0173 gamybos studija\",\"url\":\"https:\\\/\\\/shop.tutu.lt\\\/en\\\/\",\"logo\":{\"@type\":\"ImageObject\",\"inLanguage\":\"en-US\",\"@id\":\"https:\\\/\\\/shop.tutu.lt\\\/en\\\/#\\\/schema\\\/logo\\\/image\\\/\",\"url\":\"https:\\\/\\\/shop.tutu.lt\\\/wp-content\\\/uploads\\\/2020\\\/06\\\/TUTUspot-LOGO_d_100.png\",\"contentUrl\":\"https:\\\/\\\/shop.tutu.lt\\\/wp-content\\\/uploads\\\/2020\\\/06\\\/TUTUspot-LOGO_d_100.png\",\"width\":46,\"height\":100,\"caption\":\"TUTU ni\u0161ini\u0173 saldaini\u0173-objekt\u0173 gamybos studija\"},\"image\":{\"@id\":\"https:\\\/\\\/shop.tutu.lt\\\/en\\\/#\\\/schema\\\/logo\\\/image\\\/\"}}]}<\/script>\n<!-- \/ Yoast SEO plugin. -->","yoast_head_json":{"title":"CHERRY FULL MOON design lollipop |Niche edibles design studio | tutu.lt","description":"CHERRY FULL MOON design lollipop . Natural, handmade, GMO-free, allergen-free. Unexpected lollipop shapes. Niche candy.Tutu.lt","robots":{"index":"index","follow":"follow","max-snippet":"max-snippet:-1","max-image-preview":"max-image-preview:large","max-video-preview":"max-video-preview:-1"},"canonical":"https:\/\/shop.tutu.lt\/en\/shop\/product\/round-cinnamon-candy-lollipop\/","og_locale":"en_US","og_type":"article","og_title":"CHERRY FULL MOON design lollipop |Niche edibles design studio | tutu.lt","og_description":"CHERRY FULL MOON design lollipop . Natural, handmade, GMO-free, allergen-free. Unexpected lollipop shapes. Niche candy.Tutu.lt","og_url":"https:\/\/shop.tutu.lt\/en\/shop\/product\/round-cinnamon-candy-lollipop\/","og_site_name":"Stylish TUTUspot lollipops | Eshop","article_modified_time":"2022-06-08T16:22:12+00:00","og_image":[{"width":900,"height":900,"url":"https:\/\/shop.tutu.lt\/wp-content\/uploads\/2020\/09\/Untitled-design-29.jpg","type":"image\/jpeg"}],"twitter_card":"summary_large_image","twitter_misc":{"Est. reading time":"1 minute"},"schema":{"@context":"https:\/\/schema.org","@graph":[{"@type":"WebPage","@id":"https:\/\/shop.tutu.lt\/en\/shop\/product\/round-cinnamon-candy-lollipop\/","url":"https:\/\/shop.tutu.lt\/en\/shop\/product\/round-cinnamon-candy-lollipop\/","name":"CHERRY FULL MOON design lollipop |Niche edibles design studio | tutu.lt","isPartOf":{"@id":"https:\/\/shop.tutu.lt\/en\/#website"},"primaryImageOfPage":{"@id":"https:\/\/shop.tutu.lt\/en\/shop\/product\/round-cinnamon-candy-lollipop\/#primaryimage"},"image":{"@id":"https:\/\/shop.tutu.lt\/en\/shop\/product\/round-cinnamon-candy-lollipop\/#primaryimage"},"thumbnailUrl":"https:\/\/shop.tutu.lt\/wp-content\/uploads\/2020\/09\/Untitled-design-29.jpg","datePublished":"2021-05-09T12:51:47+00:00","dateModified":"2022-06-08T16:22:12+00:00","description":"CHERRY FULL MOON design lollipop . Natural, handmade, GMO-free, allergen-free. Unexpected lollipop shapes. Niche candy.Tutu.lt","breadcrumb":{"@id":"https:\/\/shop.tutu.lt\/en\/shop\/product\/round-cinnamon-candy-lollipop\/#breadcrumb"},"inLanguage":"en-US","potentialAction":[{"@type":"ReadAction","target":["https:\/\/shop.tutu.lt\/en\/shop\/product\/round-cinnamon-candy-lollipop\/"]}]},{"@type":"ImageObject","inLanguage":"en-US","@id":"https:\/\/shop.tutu.lt\/en\/shop\/product\/round-cinnamon-candy-lollipop\/#primaryimage","url":"https:\/\/shop.tutu.lt\/wp-content\/uploads\/2020\/09\/Untitled-design-29.jpg","contentUrl":"https:\/\/shop.tutu.lt\/wp-content\/uploads\/2020\/09\/Untitled-design-29.jpg","width":900,"height":900,"caption":"Apvalus cinamoninis-saldainis ledinukas. Tutu.lt"},{"@type":"BreadcrumbList","@id":"https:\/\/shop.tutu.lt\/en\/shop\/product\/round-cinnamon-candy-lollipop\/#breadcrumb","itemListElement":[{"@type":"ListItem","position":1,"name":"Home","item":"https:\/\/shop.tutu.lt\/en\/"},{"@type":"ListItem","position":2,"name":"E- shop","item":"https:\/\/shop.tutu.lt\/en\/shop\/"},{"@type":"ListItem","position":3,"name":"TUTUspot &#8222;FULL MOON\u201c &#8211; stylish, gourmet, gift lollipop"}]},{"@type":"WebSite","@id":"https:\/\/shop.tutu.lt\/en\/#website","url":"https:\/\/shop.tutu.lt\/en\/","name":"Stylish TUTUspot lollipops | Eshop","description":"Natural Lollipops online shop","publisher":{"@id":"https:\/\/shop.tutu.lt\/en\/#organization"},"potentialAction":[{"@type":"SearchAction","target":{"@type":"EntryPoint","urlTemplate":"https:\/\/shop.tutu.lt\/en\/?s={search_term_string}"},"query-input":{"@type":"PropertyValueSpecification","valueRequired":true,"valueName":"search_term_string"}}],"inLanguage":"en-US"},{"@type":"Organization","@id":"https:\/\/shop.tutu.lt\/en\/#organization","name":"TUTU ni\u0161ini\u0173 saldaini\u0173-objekt\u0173 gamybos studija","url":"https:\/\/shop.tutu.lt\/en\/","logo":{"@type":"ImageObject","inLanguage":"en-US","@id":"https:\/\/shop.tutu.lt\/en\/#\/schema\/logo\/image\/","url":"https:\/\/shop.tutu.lt\/wp-content\/uploads\/2020\/06\/TUTUspot-LOGO_d_100.png","contentUrl":"https:\/\/shop.tutu.lt\/wp-content\/uploads\/2020\/06\/TUTUspot-LOGO_d_100.png","width":46,"height":100,"caption":"TUTU ni\u0161ini\u0173 saldaini\u0173-objekt\u0173 gamybos studija"},"image":{"@id":"https:\/\/shop.tutu.lt\/en\/#\/schema\/logo\/image\/"}}]}},"_links":{"self":[{"href":"https:\/\/shop.tutu.lt\/en\/wp-json\/wp\/v2\/product\/6193","targetHints":{"allow":["GET"]}}],"collection":[{"href":"https:\/\/shop.tutu.lt\/en\/wp-json\/wp\/v2\/product"}],"about":[{"href":"https:\/\/shop.tutu.lt\/en\/wp-json\/wp\/v2\/types\/product"}],"wp:featuredmedia":[{"embeddable":true,"href":"https:\/\/shop.tutu.lt\/en\/wp-json\/wp\/v2\/media\/6120"}],"wp:attachment":[{"href":"https:\/\/shop.tutu.lt\/en\/wp-json\/wp\/v2\/media?parent=6193"}],"wp:term":[{"taxonomy":"product_brand","embeddable":true,"href":"https:\/\/shop.tutu.lt\/en\/wp-json\/wp\/v2\/product_brand?post=6193"},{"taxonomy":"product_cat","embeddable":true,"href":"https:\/\/shop.tutu.lt\/en\/wp-json\/wp\/v2\/product_cat?post=6193"},{"taxonomy":"product_tag","embeddable":true,"href":"https:\/\/shop.tutu.lt\/en\/wp-json\/wp\/v2\/product_tag?post=6193"}],"curies":[{"name":"wp","href":"https:\/\/api.w.org\/{rel}","templated":true}]}}